{"id":1184,"date":"2017-01-02T23:35:41","date_gmt":"2017-01-02T23:35:41","guid":{"rendered":"https:\/\/pamk.v2.clients.greenstrands.com\/?page_id=1184"},"modified":"2022-11-17T07:52:37","modified_gmt":"2022-11-17T07:52:37","slug":"ueber-dich","status":"publish","type":"page","link":"https:\/\/pamkowalski.com\/de\/ueber-dich\/","title":{"rendered":"\u00dcber Dich"},"content":{"rendered":"\n<div class=\"wp-block-cover alignfull has-custom-content-position is-position-top-left\"><span aria-hidden=\"true\" class=\"wp-block-cover__background has-background-dim-10 has-background-dim\"><\/span><img loading=\"lazy\" decoding=\"async\" width=\"1024\" height=\"576\" src=\"https:\/\/pamkowalski.com\/wp-content\/uploads\/2017\/01\/jumping.jpg\" class=\"wp-block-cover__image-background wp-post-image\" alt=\"\" data-object-fit=\"cover\" srcset=\"https:\/\/pamkowalski.com\/wp-content\/uploads\/2017\/01\/jumping.jpg 1024w, https:\/\/pamkowalski.com\/wp-content\/uploads\/2017\/01\/jumping-300x169.jpg 300w, https:\/\/pamkowalski.com\/wp-content\/uploads\/2017\/01\/jumping-768x432.jpg 768w\" sizes=\"auto, (max-width: 1024px) 100vw, 1024px\" \/><div class=\"wp-block-cover__inner-container is-layout-flow wp-block-cover-is-layout-flow\">\n<p class=\"has-text-align-left has-white-color has-text-color has-large-font-size\" style=\"text-transform:uppercase\"><\/p>\n<\/div><\/div>\n\n\n<h1 class=\"has-text-align-center wp-block-post-title has-x-large-font-size\">\u00dcber Dich<\/h1>\n\n\n<p>Wenn du hier bist, dann bist du auf der Suche. Du sehnst dich nach dem tieferen Sinn in deinem Leben, nach mehr Verbindung mit dem Wesentlichen. Es mag sein, dass du selber noch nicht genau wei\u00dft, was genau deine Tr\u00e4ume und Priorit\u00e4ten sind und zuerst hier mehr Klarheit bekommen willst.<\/p>\n\n\n\n<p>Diese k\u00f6nnten etwas zu tun haben mit: Familie und Freunde, Beruf, Gesundheit und Selbstf\u00fcrsorge, pers\u00f6nliches oder spirituelles Wachstum, Liebesbeziehungen, der Gesellschaft und der Umwelt etwas zur\u00fcckzugeben, oder etwas erschaffen, was nur du erschaffen kannst.<\/p>\n\n\n\n<h2 class=\"wp-block-heading\">Was willst du wirklich?<\/h2>\n\n\n\n<p>Vielleicht wei\u00dft du genau was du willst, m\u00fchst dich aber ab beim Versuch, es zu verwirklichen. Hast du das Gef\u00fchl, dass dich andere Menschen oder Lebensumst\u00e4nde aufhalten? Wenn deine Kinder noch jung sind, glaubst du wom\u00f6glich, erst wenn sie \u00e4lter sind, deine Ziele folgen zu k\u00f6nnen?<\/p>\n\n\n\n<p>Eventuell steckst du mit dem Job in einer Sackgasse, glaubst aber nichts \u00e4ndern zu k\u00f6nnen. Und die Chancen, etwas Besseres zu finden scheinen gleich Null zu sein. Oder m\u00f6glicherweise verbringst du gerade viel Zeit mit Leuten (zu Hause oder bei der Arbeit), die sich aneinander aufreiben anstatt miteinander zu arbeiten?<\/p>\n\n\n\n<h2 class=\"wp-block-heading\">Was h\u00e4lt dich zur\u00fcck?<\/h2>\n\n\n\n<p>Du willst alle deine Hindernisse \u00fcberwinden, um endlich die Dinge zu tun, die dein Leben gl\u00fccklicher, bedeutungsvoller machen und die mehr Spa\u00df und Verbindung zu den wirklich wichtigsten Dingen und Leuten in deinem Leben bringen. Du glaubst, du k\u00f6nntest fast alles schaffen, wenn nur klar w\u00e4re, wie und wo du deine Kr\u00e4fte investieren m\u00fcsstest, um \u00fcber diese H\u00fcrden zu springen.<\/p>\n\n\n\n<div style=\"height:20px\" aria-hidden=\"true\" class=\"wp-block-spacer\"><\/div>\n\n\n<div class=\"strong-view strong-view-id-8 default wpmtst-default\" data-count=\"1\"><div class=\"strong-content strong-normal columns-1\"><div class=\"wpmtst-testimonial testimonial post-1625\"><div class=\"wpmtst-testimonial-inner testimonial-inner\"><div    class=\"wpmtst-testimonial-content testimonial-content\"><div class=\"maybe-clear\"><\/div><p>Liebe Pam,<\/p><p>du hast mich durch deine Art des Coachings entdecken lassen, dass einfach alles im Leben m\u00f6glich ist, wenn ich nur die richtige T\u00fcr finde und \u00f6ffne, vor allem die Verwirklichung jeder Charaktereigenschaft und die Erreichung eines jeden Zieles. Mit deiner einf\u00fchlsamen, intuitiven, offenen und unvoreingenommenen Art hast du dich komplett auf mich eingelassen und mir wichtige Impulse gegeben, um eingefahrene Denkstrukturen aufzudecken, die Perspektive zu wechseln und dadurch Hindernisse und Probleme in Luft aufzul\u00f6sen. Insgesamt hat mir dein Coaching einen Weg gezeigt, meine innere Stimme, meine Intuition zu erkennen und damit selbst(-)bewusster und st\u00e4rker durchs Leben zu gehen. Vielen Dank!<\/p><\/div><div class=\"wpmtst-testimonial-field testimonial-field testimonial-name\">S.G.<\/div><div class=\"clear\"><\/div><\/div><\/div><\/div><\/div>\n\n\n\n<div style=\"height:39px\" aria-hidden=\"true\" class=\"wp-block-spacer\"><\/div>\n\n\n\n<h2 class=\"wp-block-heading\">Was ist das Wesentliche f\u00fcr dich?<\/h2>\n\n\n\n<p>Du willst mehr als alles andere in Kontakt kommen \u2013 und bleiben \u2013 mit dem, was dich inspiriert und lebendig macht. Deine zentralen Werte und tief liegenden Sehns\u00fcchte sind die Dinge, die das Feuer in dir brennen lassen. Du willst sie finden und ausleben, jeden Tag.<\/p>\n\n\n\n<p>Um diese Tr\u00e4ume und Werte zu finden \u2013 und mit ihnen in Verbindung zu bleiben \u2013 musst du zuerst Kontakt mit deinem wirklichen echten \u201eich\u201c aufnehmen \u2013 alle Fassetten davon \u2013 und das Ganze als wichtigen Teil von dir annehmen. Das hei\u00dft, Perfektionismus aufzugeben, die innere Kritikerin verstummen zu lassen, und zu lernen, auch die Unordnung in deinem Leben zu lieben.<\/p>\n\n\n\n<h2 class=\"wp-block-heading\">Was w\u00e4re anders, wenn du dich selber \u2013 genau wie du jetzt bist \u2013 annehmen und wertsch\u00e4tzen k\u00f6nntest?<\/h2>\n\n\n\n<p>Was immer deine Ziele sind, tief im Inneren sehnst du dich nach der Leichtigkeit, ganz&nbsp;<strong>du selber<\/strong>&nbsp;zu sein, vollkommen authentisch, und ohne das Gef\u00fchl zu haben, dich rechtfertigen zu m\u00fcssen. Du m\u00f6chtest dir selber diese Freiheit erlauben k\u00f6nnen und alles tun d\u00fcrfen, was dir am meisten Freude macht.<\/p>\n\n\n\n<p>Du wei\u00dft irgendwie auch, dass nur wenn du den Mut zur Selbstliebe hast, echte, enge Verbindungen mit anderen m\u00f6glich sind. Nur dann erlaubst du den anderen, dich zu sehen \u2013 und zu lieben \u2013 wie du wirklich bist. Und umgekehrt, nur dann kannst du andere \u2013 mit all ihren St\u00e4rken und Macken \u2013 annehmen und lieben.<\/p>\n\n\n\n<h2 class=\"wp-block-heading\">Was w\u00e4re anders, wenn du andere Leute \u2013 so wie sie jetzt sind \u2013 v\u00f6llig annehmen und wertsch\u00e4tzen k\u00f6nntest?<\/h2>\n\n\n\n<p>Du bist bereit, kleine, unwichtige Dinge loszulassen, um dich auf das Wesentliche fokussieren zu k\u00f6nnen, was immer das f\u00fcr dich ist. Du m\u00f6chtest die beste Version von dir selber sein, mitten im Leben stehen, in der Welt etwas bewegen, um vollkommen lebendig zu sein. Du wei\u00dft, dass dann absolut alles m\u00f6glich ist.<\/p>\n\n\n\n<h2 class=\"wp-block-heading\">Was w\u00fcrdest du angehen, wenn Scheitern f\u00fcr dich unm\u00f6glich w\u00e4re?<\/h2>\n\n\n\n<div style=\"height:20px\" aria-hidden=\"true\" class=\"wp-block-spacer\"><\/div>\n\n\n<div class=\"strong-view strong-view-id-9 default wpmtst-default\" data-count=\"1\"><div class=\"strong-content strong-normal columns-1\"><div class=\"wpmtst-testimonial testimonial post-1833\"><div class=\"wpmtst-testimonial-inner testimonial-inner\"><div    class=\"wpmtst-testimonial-content testimonial-content\"><div class=\"maybe-clear\"><\/div><article id=\"post-1621\" class=\"post-1621 wpm-testimonial type-wpm-testimonial status-publish has-post-thumbnail hentry wpm-testimonial-category-deutsch ast-article-single\"><div class=\"ast-post-format- single-layout-1\"><div class=\"entry-content clear\"><p>Jede Coachingsitzung mit Pam f\u00fchlt sich an wie ein spezielles Geschenk ganz f\u00fcr mich allein. Pams Begeisterung f\u00fcr Coaching und die daraus resultierenden Ver\u00e4nderungsm\u00f6glichkeiten ist unglaublich ansteckend und ihre immer verst\u00e4ndnisvolle und unterst\u00fctzende Art hilft mir, immer weiter voranzukommen.<\/p><p>Die w\u00f6chentliche Stunde, die Pam mit mir verbringt, hilft mir, unerwartete Erkenntnisse \u00fcber mich, mein Leben und meine Tr\u00e4ume zu entdecken. Ich h\u00e4tte nicht erwartet, SO viel von einem Coachingprozess auf so vielen verschiedenen Ebenen zu profitieren.<\/p><p>Viele Dinge in meinem Leben haben sich dadurch ver\u00e4ndert innerhalb des letzten halben Jahres und dies noch dazu viel schneller als ich gehofft hatte. Mein Leben ist einfacher geworden und meine Werte klarer. Ich bin voller Selbstvertrauen und begeistert \u00fcber meine neue St\u00e4rke, Kraft und Entschlossenheit.<\/p><\/div><\/div><\/article><nav class=\"navigation post-navigation\" role=\"navigation\" aria-label=\"Beitr\u00e4ge\"><\/nav><\/div><div class=\"wpmtst-testimonial-field testimonial-field testimonial-name\">A.H.<\/div><div class=\"clear\"><\/div><\/div><\/div><\/div><\/div>\n\n\n\n<div style=\"height:30px\" aria-hidden=\"true\" class=\"wp-block-spacer\"><\/div>\n\n\n\n<p>Warten kommt f\u00fcr dich nicht mehr in Frage \u2013 du willst jetzt Verbindung mit dem Wesentlichen in deinem Leben herstellen und deine Tr\u00e4ume ausleben.<\/p>\n\n\n\n<h2 class=\"has-text-align-center wp-block-heading\">Bist du bereit anzufangen?<\/h2>\n\n\n\n<div style=\"height:30px\" aria-hidden=\"true\" class=\"wp-block-spacer\"><\/div>\n\n\n\n<div class=\"wp-block-buttons is-content-justification-center is-layout-flex wp-container-core-buttons-is-layout-a89b3969 wp-block-buttons-is-layout-flex\">\n<div class=\"wp-block-button has-custom-font-size has-medium-font-size\"><a class=\"wp-block-button__link wp-element-button\" href=\"https:\/\/pamkowalski.com\/en\/de\/kontakt\/\" style=\"border-radius:10px\">Kontakt<\/a><\/div>\n<\/div>\n\n\n\n<div style=\"height:100px\" aria-hidden=\"true\" class=\"wp-block-spacer\"><\/div>\n\n\n\n<div class=\"wp-block-cover alignfull\" style=\"min-height:400px;aspect-ratio:unset;\"><span aria-hidden=\"true\" class=\"wp-block-cover__background has-background-dim-20 has-background-dim\"><\/span><img loading=\"lazy\" decoding=\"async\" width=\"1024\" height=\"351\" class=\"wp-block-cover__image-background wp-image-1143\" alt=\"\" src=\"https:\/\/pamkowalski.com\/en\/wp-content\/uploads\/2017\/01\/your.jpg\" style=\"object-position:52% 44%\" data-object-fit=\"cover\" data-object-position=\"52% 44%\" srcset=\"https:\/\/pamkowalski.com\/wp-content\/uploads\/2017\/01\/your.jpg 1024w, https:\/\/pamkowalski.com\/wp-content\/uploads\/2017\/01\/your-300x103.jpg 300w, https:\/\/pamkowalski.com\/wp-content\/uploads\/2017\/01\/your-768x263.jpg 768w\" sizes=\"auto, (max-width: 1024px) 100vw, 1024px\" \/><div class=\"wp-block-cover__inner-container is-layout-flow wp-block-cover-is-layout-flow\">\n<div class=\"wp-block-columns is-layout-flex wp-container-core-columns-is-layout-28f84493 wp-block-columns-is-layout-flex\">\n<div class=\"wp-block-column is-layout-flow wp-block-column-is-layout-flow\" style=\"padding-top:40px;padding-right:40px;padding-bottom:40px;padding-left:40px\"><\/div>\n\n\n\n<div class=\"wp-block-column is-layout-constrained wp-block-column-is-layout-constrained\" style=\"flex-basis:600px\">\n<div class=\"inherit-container-width wp-block-group has-background is-layout-constrained wp-container-core-group-is-layout-7ac32d91 wp-block-group-is-layout-constrained\" style=\"border-radius:8px;background-color:#ffffff99;padding-top:1em;padding-right:1em;padding-bottom:1em;padding-left:1em;font-size:22px\">\n<p class=\"has-text-align-center has-black-color has-text-color\" style=\"font-size:22px\">\u201cWas hast du vor mit deinem einen, wilden, kostbaren Leben?\u201d<\/p>\n\n\n\n<p class=\"has-text-align-center has-black-color has-text-color\" style=\"font-size:22px\"><em>\u2013 Mary Oliver<\/em><\/p>\n<\/div>\n<\/div>\n\n\n\n<div class=\"wp-block-column is-layout-flow wp-block-column-is-layout-flow\" style=\"padding-top:40px;padding-right:40px;padding-bottom:40px;padding-left:40px\"><\/div>\n<\/div>\n<\/div><\/div>\n","protected":false},"excerpt":{"rendered":"<p>Wenn du hier bist, dann bist du auf der Suche. Du sehnst dich nach dem tieferen Sinn in deinem Leben, nach mehr Verbindung mit dem Wesentlichen. Es mag sein, dass du selber noch nicht genau wei\u00dft, was genau deine Tr\u00e4ume und Priorit\u00e4ten sind und zuerst hier mehr Klarheit bekommen willst. Diese k\u00f6nnten etwas zu tun [&hellip;]<\/p>\n","protected":false},"author":4,"featured_media":1142,"parent":0,"menu_order":0,"comment_status":"closed","ping_status":"closed","template":"","meta":{"site-sidebar-layout":"default","site-content-layout":"","ast-site-content-layout":"default","site-content-style":"default","site-sidebar-style":"default","ast-global-header-display":"","ast-banner-title-visibility":"","ast-main-header-display":"","ast-hfb-above-header-display":"","ast-hfb-below-header-display":"","ast-hfb-mobile-header-display":"","site-post-title":"","ast-breadcrumbs-content":"","ast-featured-img":"","footer-sml-layout":"","ast-disable-related-posts":"","theme-transparent-header-meta":"","adv-header-id-meta":"","stick-header-meta":"","header-above-stick-meta":"","header-main-stick-meta":"","header-below-stick-meta":"","astra-migrate-meta-layouts":"default","ast-page-background-enabled":"default","ast-page-background-meta":{"desktop":{"background-color":"var(--ast-global-color-4)","background-image":"","background-repeat":"repeat","background-position":"center center","background-size":"auto","background-attachment":"scroll","background-type":"","background-media":"","overlay-type":"","overlay-color":"","overlay-opacity":"","overlay-gradient":""},"tablet":{"background-color":"","background-image":"","background-repeat":"repeat","background-position":"center center","background-size":"auto","background-attachment":"scroll","background-type":"","background-media":"","overlay-type":"","overlay-color":"","overlay-opacity":"","overlay-gradient":""},"mobile":{"background-color":"","background-image":"","background-repeat":"repeat","background-position":"center center","background-size":"auto","background-attachment":"scroll","background-type":"","background-media":"","overlay-type":"","overlay-color":"","overlay-opacity":"","overlay-gradient":""}},"ast-content-background-meta":{"desktop":{"background-color":"var(--ast-global-color-5)","background-image":"","background-repeat":"repeat","background-position":"center center","background-size":"auto","background-attachment":"scroll","background-type":"","background-media":"","overlay-type":"","overlay-color":"","overlay-opacity":"","overlay-gradient":""},"tablet":{"background-color":"var(--ast-global-color-5)","background-image":"","background-repeat":"repeat","background-position":"center center","background-size":"auto","background-attachment":"scroll","background-type":"","background-media":"","overlay-type":"","overlay-color":"","overlay-opacity":"","overlay-gradient":""},"mobile":{"background-color":"var(--ast-global-color-5)","background-image":"","background-repeat":"repeat","background-position":"center center","background-size":"auto","background-attachment":"scroll","background-type":"","background-media":"","overlay-type":"","overlay-color":"","overlay-opacity":"","overlay-gradient":""}},"_themeisle_gutenberg_block_has_review":false,"footnotes":""},"class_list":["post-1184","page","type-page","status-publish","has-post-thumbnail","hentry"],"yoast_head":"<!-- This site is optimized with the Yoast SEO plugin v27.4 - https:\/\/yoast.com\/product\/yoast-seo-wordpress\/ -->\n<title>\u00dcber Dich - Pam Kowalski<\/title>\n<meta name=\"robots\" content=\"index, follow, max-snippet:-1, max-image-preview:large, max-video-preview:-1\" \/>\n<link rel=\"canonical\" href=\"https:\/\/pamkowalski.com\/en\/your-story\/\" \/>\n<meta property=\"og:locale\" content=\"de_DE\" \/>\n<meta property=\"og:type\" content=\"article\" \/>\n<meta property=\"og:title\" content=\"\u00dcber Dich - Pam Kowalski\" \/>\n<meta property=\"og:description\" content=\"Wenn du hier bist, dann bist du auf der Suche. Du sehnst dich nach dem tieferen Sinn in deinem Leben, nach mehr Verbindung mit dem Wesentlichen. Es mag sein, dass du selber noch nicht genau wei\u00dft, was genau deine Tr\u00e4ume und Priorit\u00e4ten sind und zuerst hier mehr Klarheit bekommen willst. Diese k\u00f6nnten etwas zu tun [&hellip;]\" \/>\n<meta property=\"og:url\" content=\"https:\/\/pamkowalski.com\/en\/your-story\/\" \/>\n<meta property=\"og:site_name\" content=\"Pam Kowalski\" \/>\n<meta property=\"article:modified_time\" content=\"2022-11-17T07:52:37+00:00\" \/>\n<meta property=\"og:image\" content=\"https:\/\/pamkowalski.com\/wp-content\/uploads\/2017\/01\/jumping.jpg\" \/>\n\t<meta property=\"og:image:width\" content=\"1024\" \/>\n\t<meta property=\"og:image:height\" content=\"576\" \/>\n\t<meta property=\"og:image:type\" content=\"image\/jpeg\" \/>\n<meta name=\"twitter:card\" content=\"summary_large_image\" \/>\n<meta name=\"twitter:label1\" content=\"Gesch\u00e4tzte Lesezeit\" \/>\n\t<meta name=\"twitter:data1\" content=\"3\u00a0Minuten\" \/>\n<script type=\"application\/ld+json\" class=\"yoast-schema-graph\">{\"@context\":\"https:\\\/\\\/schema.org\",\"@graph\":[{\"@type\":\"WebPage\",\"@id\":\"https:\\\/\\\/pamkowalski.com\\\/en\\\/your-story\\\/\",\"url\":\"https:\\\/\\\/pamkowalski.com\\\/en\\\/your-story\\\/\",\"name\":\"\u00dcber Dich - Pam Kowalski\",\"isPartOf\":{\"@id\":\"https:\\\/\\\/pamkowalski.com\\\/en\\\/#website\"},\"primaryImageOfPage\":{\"@id\":\"https:\\\/\\\/pamkowalski.com\\\/en\\\/your-story\\\/#primaryimage\"},\"image\":{\"@id\":\"https:\\\/\\\/pamkowalski.com\\\/en\\\/your-story\\\/#primaryimage\"},\"thumbnailUrl\":\"https:\\\/\\\/pamkowalski.com\\\/wp-content\\\/uploads\\\/2017\\\/01\\\/jumping.jpg\",\"datePublished\":\"2017-01-02T23:35:41+00:00\",\"dateModified\":\"2022-11-17T07:52:37+00:00\",\"breadcrumb\":{\"@id\":\"https:\\\/\\\/pamkowalski.com\\\/en\\\/your-story\\\/#breadcrumb\"},\"inLanguage\":\"de\",\"potentialAction\":[{\"@type\":\"ReadAction\",\"target\":[\"https:\\\/\\\/pamkowalski.com\\\/en\\\/your-story\\\/\"]}]},{\"@type\":\"ImageObject\",\"inLanguage\":\"de\",\"@id\":\"https:\\\/\\\/pamkowalski.com\\\/en\\\/your-story\\\/#primaryimage\",\"url\":\"https:\\\/\\\/pamkowalski.com\\\/wp-content\\\/uploads\\\/2017\\\/01\\\/jumping.jpg\",\"contentUrl\":\"https:\\\/\\\/pamkowalski.com\\\/wp-content\\\/uploads\\\/2017\\\/01\\\/jumping.jpg\",\"width\":1024,\"height\":576},{\"@type\":\"BreadcrumbList\",\"@id\":\"https:\\\/\\\/pamkowalski.com\\\/en\\\/your-story\\\/#breadcrumb\",\"itemListElement\":[{\"@type\":\"ListItem\",\"position\":1,\"name\":\"Home\",\"item\":\"https:\\\/\\\/pamkowalski.com\\\/en\\\/\"},{\"@type\":\"ListItem\",\"position\":2,\"name\":\"\u00dcber Dich\"}]},{\"@type\":\"WebSite\",\"@id\":\"https:\\\/\\\/pamkowalski.com\\\/en\\\/#website\",\"url\":\"https:\\\/\\\/pamkowalski.com\\\/en\\\/\",\"name\":\"Pam Kowalski\",\"description\":\"Leadership Coach &amp; Trainer\",\"publisher\":{\"@id\":\"https:\\\/\\\/pamkowalski.com\\\/en\\\/#\\\/schema\\\/person\\\/ea1ed85d3da6d9ce7e33a2c593b1b1d2\"},\"potentialAction\":[{\"@type\":\"SearchAction\",\"target\":{\"@type\":\"EntryPoint\",\"urlTemplate\":\"https:\\\/\\\/pamkowalski.com\\\/en\\\/?s={search_term_string}\"},\"query-input\":{\"@type\":\"PropertyValueSpecification\",\"valueRequired\":true,\"valueName\":\"search_term_string\"}}],\"inLanguage\":\"de\"},{\"@type\":[\"Person\",\"Organization\"],\"@id\":\"https:\\\/\\\/pamkowalski.com\\\/en\\\/#\\\/schema\\\/person\\\/ea1ed85d3da6d9ce7e33a2c593b1b1d2\",\"name\":\"Pam\",\"image\":{\"@type\":\"ImageObject\",\"inLanguage\":\"de\",\"@id\":\"https:\\\/\\\/pamkowalski.com\\\/wp-content\\\/uploads\\\/2022\\\/06\\\/logo1.png\",\"url\":\"https:\\\/\\\/pamkowalski.com\\\/wp-content\\\/uploads\\\/2022\\\/06\\\/logo1.png\",\"contentUrl\":\"https:\\\/\\\/pamkowalski.com\\\/wp-content\\\/uploads\\\/2022\\\/06\\\/logo1.png\",\"width\":240,\"height\":35,\"caption\":\"Pam\"},\"logo\":{\"@id\":\"https:\\\/\\\/pamkowalski.com\\\/wp-content\\\/uploads\\\/2022\\\/06\\\/logo1.png\"}}]}<\/script>\n<!-- \/ Yoast SEO plugin. -->","yoast_head_json":{"title":"\u00dcber Dich - Pam Kowalski","robots":{"index":"index","follow":"follow","max-snippet":"max-snippet:-1","max-image-preview":"max-image-preview:large","max-video-preview":"max-video-preview:-1"},"canonical":"https:\/\/pamkowalski.com\/en\/your-story\/","og_locale":"de_DE","og_type":"article","og_title":"\u00dcber Dich - Pam Kowalski","og_description":"Wenn du hier bist, dann bist du auf der Suche. Du sehnst dich nach dem tieferen Sinn in deinem Leben, nach mehr Verbindung mit dem Wesentlichen. Es mag sein, dass du selber noch nicht genau wei\u00dft, was genau deine Tr\u00e4ume und Priorit\u00e4ten sind und zuerst hier mehr Klarheit bekommen willst. Diese k\u00f6nnten etwas zu tun [&hellip;]","og_url":"https:\/\/pamkowalski.com\/en\/your-story\/","og_site_name":"Pam Kowalski","article_modified_time":"2022-11-17T07:52:37+00:00","og_image":[{"width":1024,"height":576,"url":"https:\/\/pamkowalski.com\/wp-content\/uploads\/2017\/01\/jumping.jpg","type":"image\/jpeg"}],"twitter_card":"summary_large_image","twitter_misc":{"Gesch\u00e4tzte Lesezeit":"3\u00a0Minuten"},"schema":{"@context":"https:\/\/schema.org","@graph":[{"@type":"WebPage","@id":"https:\/\/pamkowalski.com\/en\/your-story\/","url":"https:\/\/pamkowalski.com\/en\/your-story\/","name":"\u00dcber Dich - Pam Kowalski","isPartOf":{"@id":"https:\/\/pamkowalski.com\/en\/#website"},"primaryImageOfPage":{"@id":"https:\/\/pamkowalski.com\/en\/your-story\/#primaryimage"},"image":{"@id":"https:\/\/pamkowalski.com\/en\/your-story\/#primaryimage"},"thumbnailUrl":"https:\/\/pamkowalski.com\/wp-content\/uploads\/2017\/01\/jumping.jpg","datePublished":"2017-01-02T23:35:41+00:00","dateModified":"2022-11-17T07:52:37+00:00","breadcrumb":{"@id":"https:\/\/pamkowalski.com\/en\/your-story\/#breadcrumb"},"inLanguage":"de","potentialAction":[{"@type":"ReadAction","target":["https:\/\/pamkowalski.com\/en\/your-story\/"]}]},{"@type":"ImageObject","inLanguage":"de","@id":"https:\/\/pamkowalski.com\/en\/your-story\/#primaryimage","url":"https:\/\/pamkowalski.com\/wp-content\/uploads\/2017\/01\/jumping.jpg","contentUrl":"https:\/\/pamkowalski.com\/wp-content\/uploads\/2017\/01\/jumping.jpg","width":1024,"height":576},{"@type":"BreadcrumbList","@id":"https:\/\/pamkowalski.com\/en\/your-story\/#breadcrumb","itemListElement":[{"@type":"ListItem","position":1,"name":"Home","item":"https:\/\/pamkowalski.com\/en\/"},{"@type":"ListItem","position":2,"name":"\u00dcber Dich"}]},{"@type":"WebSite","@id":"https:\/\/pamkowalski.com\/en\/#website","url":"https:\/\/pamkowalski.com\/en\/","name":"Pam Kowalski","description":"Leadership Coach &amp; Trainer","publisher":{"@id":"https:\/\/pamkowalski.com\/en\/#\/schema\/person\/ea1ed85d3da6d9ce7e33a2c593b1b1d2"},"potentialAction":[{"@type":"SearchAction","target":{"@type":"EntryPoint","urlTemplate":"https:\/\/pamkowalski.com\/en\/?s={search_term_string}"},"query-input":{"@type":"PropertyValueSpecification","valueRequired":true,"valueName":"search_term_string"}}],"inLanguage":"de"},{"@type":["Person","Organization"],"@id":"https:\/\/pamkowalski.com\/en\/#\/schema\/person\/ea1ed85d3da6d9ce7e33a2c593b1b1d2","name":"Pam","image":{"@type":"ImageObject","inLanguage":"de","@id":"https:\/\/pamkowalski.com\/wp-content\/uploads\/2022\/06\/logo1.png","url":"https:\/\/pamkowalski.com\/wp-content\/uploads\/2022\/06\/logo1.png","contentUrl":"https:\/\/pamkowalski.com\/wp-content\/uploads\/2022\/06\/logo1.png","width":240,"height":35,"caption":"Pam"},"logo":{"@id":"https:\/\/pamkowalski.com\/wp-content\/uploads\/2022\/06\/logo1.png"}}]}},"_links":{"self":[{"href":"https:\/\/pamkowalski.com\/de\/wp-json\/wp\/v2\/pages\/1184","targetHints":{"allow":["GET"]}}],"collection":[{"href":"https:\/\/pamkowalski.com\/de\/wp-json\/wp\/v2\/pages"}],"about":[{"href":"https:\/\/pamkowalski.com\/de\/wp-json\/wp\/v2\/types\/page"}],"author":[{"embeddable":true,"href":"https:\/\/pamkowalski.com\/de\/wp-json\/wp\/v2\/users\/4"}],"replies":[{"embeddable":true,"href":"https:\/\/pamkowalski.com\/de\/wp-json\/wp\/v2\/comments?post=1184"}],"version-history":[{"count":5,"href":"https:\/\/pamkowalski.com\/de\/wp-json\/wp\/v2\/pages\/1184\/revisions"}],"predecessor-version":[{"id":1874,"href":"https:\/\/pamkowalski.com\/de\/wp-json\/wp\/v2\/pages\/1184\/revisions\/1874"}],"wp:featuredmedia":[{"embeddable":true,"href":"https:\/\/pamkowalski.com\/de\/wp-json\/wp\/v2\/media\/1142"}],"wp:attachment":[{"href":"https:\/\/pamkowalski.com\/de\/wp-json\/wp\/v2\/media?parent=1184"}],"curies":[{"name":"wp","href":"https:\/\/api.w.org\/{rel}","templated":true}]}}