{"id":1164,"date":"2022-06-09T12:47:08","date_gmt":"2022-06-09T12:47:08","guid":{"rendered":"https:\/\/pamkowalski.com\/en\/?page_id=1164"},"modified":"2024-06-17T08:10:14","modified_gmt":"2024-06-17T08:10:14","slug":"1164-2","status":"publish","type":"page","link":"https:\/\/pamkowalski.com\/de\/","title":{"rendered":"Home DE"},"content":{"rendered":"\n<div class=\"wp-block-cover alignfull has-custom-content-position is-position-top-left\"><span aria-hidden=\"true\" class=\"wp-block-cover__background has-background-dim-10 has-background-dim\" style=\"background-color:#686751\"><\/span><img loading=\"lazy\" decoding=\"async\" width=\"1024\" height=\"683\" src=\"https:\/\/pamkowalski.com\/wp-content\/uploads\/2016\/09\/Connect-to-what-really-matters-and-live-it-today.jpg\" class=\"wp-block-cover__image-background wp-post-image\" alt=\"\" data-object-fit=\"cover\" srcset=\"https:\/\/pamkowalski.com\/wp-content\/uploads\/2016\/09\/Connect-to-what-really-matters-and-live-it-today.jpg 1024w, https:\/\/pamkowalski.com\/wp-content\/uploads\/2016\/09\/Connect-to-what-really-matters-and-live-it-today-300x200.jpg 300w, https:\/\/pamkowalski.com\/wp-content\/uploads\/2016\/09\/Connect-to-what-really-matters-and-live-it-today-768x512.jpg 768w\" sizes=\"auto, (max-width: 1024px) 100vw, 1024px\" \/><div class=\"wp-block-cover__inner-container is-layout-flow wp-block-cover-is-layout-flow\">\n<p class=\"has-text-align-left has-white-color has-text-color has-large-font-size\" style=\"line-height:1.8;text-transform:uppercase\"><mark style=\"background-color:#9947cc\" class=\"has-inline-color has-base-3-color\">Entdecke das Wesentliche, <br>Und lebe es heute!<\/mark><\/p>\n<\/div><\/div>\n\n\n\n<div class=\"wp-block-columns is-layout-flex wp-container-core-columns-is-layout-28f84493 wp-block-columns-is-layout-flex\">\n<div class=\"wp-block-column is-layout-flow wp-block-column-is-layout-flow\">\n<h2 class=\"wp-block-heading\">Gestalte dein&nbsp;Leben<\/h2>\n\n\n\n<p>\u00c4ndere deinen Glauben daran, wozu du f\u00e4hig bist. W\u00e4hle&nbsp;dein Verhalten so, dass es widerspiegelt, wof\u00fcr du wirklich stehst. F\u00fchre&nbsp;dein pers\u00f6nliches und berufliches Leben, so wie du es m\u00f6chtest \u2013 ab heute.<\/p>\n\n\n\n<p>Klicke&nbsp;<a href=\"https:\/\/pamkowalski.com\/en\/?page_id=103\">hier<\/a>&nbsp;f\u00fcr weitere Informationen \u00fcber Coaching mit mir.<\/p>\n<\/div>\n\n\n\n<div class=\"wp-block-column is-layout-flow wp-block-column-is-layout-flow\">\n<h2 class=\"wp-block-heading\">Gestalte deine Welt<\/h2>\n\n\n\n<p>Entwickle ehrliche und inspirierende Beziehungen \u2013 zu Hause und bei der Arbeit. Sto\u00dfe ganz bewusst \u00c4nderungen an, die einen positiven Einfluss haben&nbsp;\u2013 auf dich, deine Familie, dein Team, dein Unternehmen, deine Welt.<\/p>\n\n\n\n<p>Klicke&nbsp;<a href=\"https:\/\/pamkowalski.com\/en\/?page_id=111\">hier<\/a>&nbsp;f\u00fcr weitere Informationen \u00fcber Trainings und Workshops.<\/p>\n<\/div>\n<\/div>\n\n\n\n<div style=\"height:41px\" aria-hidden=\"true\" class=\"wp-block-spacer\"><\/div>\n\n\n\n<h2 class=\"wp-block-heading\">Hi! Ich bin Pam.<\/h2>\n\n\n\n<p>Durch das Leadership Coaching und Training mit mir, wirst du \u2013 zusammen mit deinem Partner oder Team \u2013 Schwierigkeiten \u00fcberwinden um das Leben bewusster und authentischer zu gestalten. Ihr erreicht Eure Ziele, und \u00fcbernehmt gleichzeitig die volle Verantwortung f\u00fcr die Welt, die ihr gemeinsam erschafft.<\/p>\n\n\n\n<div style=\"height:30px\" aria-hidden=\"true\" class=\"wp-block-spacer\"><\/div>\n\n\n\n<h2 class=\"wp-block-heading has-text-align-center\">Bist du neugierig was alles m\u00f6glich ist?<\/h2>\n\n\n\n<div style=\"height:30px\" aria-hidden=\"true\" class=\"wp-block-spacer\"><\/div>\n\n\n\n<div class=\"wp-block-buttons is-content-justification-center is-layout-flex wp-container-core-buttons-is-layout-a89b3969 wp-block-buttons-is-layout-flex\">\n<div class=\"wp-block-button has-custom-font-size has-medium-font-size\"><a class=\"wp-block-button__link has-foreground-color has-primary-background-color has-text-color has-background wp-element-button\" href=\"https:\/\/pamkowalski.com\/en\/de\/kontakt\/\" style=\"border-radius:10px\">Kontaktiere mich<\/a><\/div>\n<\/div>\n\n\n\n<div style=\"height:30px\" aria-hidden=\"true\" class=\"wp-block-spacer\"><\/div>\n\n\n\n<div style=\"height:40px\" aria-hidden=\"true\" class=\"wp-block-spacer\"><\/div>\n\n\n\n<div class=\"wp-block-cover alignfull is-light\" style=\"min-height:400px;aspect-ratio:unset;\"><span aria-hidden=\"true\" class=\"wp-block-cover__background has-background-dim-20 has-background-dim\"><\/span><img loading=\"lazy\" decoding=\"async\" width=\"1024\" height=\"411\" class=\"wp-block-cover__image-background wp-image-370\" alt=\"\" src=\"https:\/\/pamkowalski.com\/en\/wp-content\/uploads\/2017\/01\/cliff-ocean.jpg\" style=\"object-position:52% 44%\" data-object-fit=\"cover\" data-object-position=\"52% 44%\" srcset=\"https:\/\/pamkowalski.com\/wp-content\/uploads\/2017\/01\/cliff-ocean.jpg 1024w, https:\/\/pamkowalski.com\/wp-content\/uploads\/2017\/01\/cliff-ocean-300x120.jpg 300w, https:\/\/pamkowalski.com\/wp-content\/uploads\/2017\/01\/cliff-ocean-768x308.jpg 768w\" sizes=\"auto, (max-width: 1024px) 100vw, 1024px\" \/><div class=\"wp-block-cover__inner-container is-layout-flow wp-block-cover-is-layout-flow\">\n<div class=\"wp-block-columns is-layout-flex wp-container-core-columns-is-layout-28f84493 wp-block-columns-is-layout-flex\">\n<div class=\"wp-block-column is-layout-flow wp-block-column-is-layout-flow\" style=\"padding-top:40px;padding-right:40px;padding-bottom:40px;padding-left:40px\"><\/div>\n\n\n\n<div class=\"wp-block-column is-layout-constrained wp-block-column-is-layout-constrained\" style=\"flex-basis:600px\">\n<div class=\"inherit-container-width wp-block-group has-background is-layout-constrained wp-container-core-group-is-layout-7ac32d91 wp-block-group-is-layout-constrained\" style=\"border-radius:8px;background-color:#ffffff99;padding-top:1em;padding-right:1em;padding-bottom:1em;padding-left:1em;font-size:22px\">\n<p class=\"has-text-align-center has-ast-global-color-2-color has-text-color\">Was hinter uns liegt und was vor uns liegt, sind nur Kleinigkeiten im Vergleich zu dem, was in uns liegt.<\/p>\n\n\n\n<p class=\"has-text-align-center has-black-color has-text-color\" style=\"font-size:22px\"><em>\u2013 Henry S. Haskins<\/em><\/p>\n<\/div>\n<\/div>\n\n\n\n<div class=\"wp-block-column is-layout-flow wp-block-column-is-layout-flow\" style=\"padding-top:40px;padding-right:40px;padding-bottom:40px;padding-left:40px\"><\/div>\n<\/div>\n<\/div><\/div>\n","protected":false},"excerpt":{"rendered":"<p>Gestalte dein&nbsp;Leben \u00c4ndere deinen Glauben daran, wozu du f\u00e4hig bist. W\u00e4hle&nbsp;dein Verhalten so, dass es widerspiegelt, wof\u00fcr du wirklich stehst. F\u00fchre&nbsp;dein pers\u00f6nliches und berufliches Leben, so wie du es m\u00f6chtest \u2013 ab heute. Klicke&nbsp;hier&nbsp;f\u00fcr weitere Informationen \u00fcber Coaching mit mir. Gestalte deine Welt Entwickle ehrliche und inspirierende Beziehungen \u2013 zu Hause und bei der Arbeit. [&hellip;]<\/p>\n","protected":false},"author":4,"featured_media":1130,"parent":0,"menu_order":0,"comment_status":"closed","ping_status":"closed","template":"","meta":{"site-sidebar-layout":"default","site-content-layout":"","ast-site-content-layout":"default","site-content-style":"default","site-sidebar-style":"default","ast-global-header-display":"","ast-banner-title-visibility":"","ast-main-header-display":"","ast-hfb-above-header-display":"","ast-hfb-below-header-display":"","ast-hfb-mobile-header-display":"","site-post-title":"disabled","ast-breadcrumbs-content":"","ast-featured-img":"","footer-sml-layout":"","ast-disable-related-posts":"","theme-transparent-header-meta":"","adv-header-id-meta":"","stick-header-meta":"","header-above-stick-meta":"","header-main-stick-meta":"","header-below-stick-meta":"","astra-migrate-meta-layouts":"set","ast-page-background-enabled":"default","ast-page-background-meta":{"desktop":{"background-color":"var(--ast-global-color-4)","background-image":"","background-repeat":"repeat","background-position":"center center","background-size":"auto","background-attachment":"scroll","background-type":"","background-media":"","overlay-type":"","overlay-color":"","overlay-opacity":"","overlay-gradient":""},"tablet":{"background-color":"","background-image":"","background-repeat":"repeat","background-position":"center center","background-size":"auto","background-attachment":"scroll","background-type":"","background-media":"","overlay-type":"","overlay-color":"","overlay-opacity":"","overlay-gradient":""},"mobile":{"background-color":"","background-image":"","background-repeat":"repeat","background-position":"center center","background-size":"auto","background-attachment":"scroll","background-type":"","background-media":"","overlay-type":"","overlay-color":"","overlay-opacity":"","overlay-gradient":""}},"ast-content-background-meta":{"desktop":{"background-color":"var(--ast-global-color-5)","background-image":"","background-repeat":"repeat","background-position":"center center","background-size":"auto","background-attachment":"scroll","background-type":"","background-media":"","overlay-type":"","overlay-color":"","overlay-opacity":"","overlay-gradient":""},"tablet":{"background-color":"var(--ast-global-color-5)","background-image":"","background-repeat":"repeat","background-position":"center center","background-size":"auto","background-attachment":"scroll","background-type":"","background-media":"","overlay-type":"","overlay-color":"","overlay-opacity":"","overlay-gradient":""},"mobile":{"background-color":"var(--ast-global-color-5)","background-image":"","background-repeat":"repeat","background-position":"center center","background-size":"auto","background-attachment":"scroll","background-type":"","background-media":"","overlay-type":"","overlay-color":"","overlay-opacity":"","overlay-gradient":""}},"_themeisle_gutenberg_block_has_review":false,"footnotes":""},"class_list":["post-1164","page","type-page","status-publish","has-post-thumbnail","hentry"],"yoast_head":"<!-- This site is optimized with the Yoast SEO plugin v27.4 - https:\/\/yoast.com\/product\/yoast-seo-wordpress\/ -->\n<title>Home DE - Pam Kowalski<\/title>\n<meta name=\"robots\" content=\"index, follow, max-snippet:-1, max-image-preview:large, max-video-preview:-1\" \/>\n<link rel=\"canonical\" href=\"https:\/\/pamkowalski.com\/en\/\" \/>\n<meta property=\"og:locale\" content=\"de_DE\" \/>\n<meta property=\"og:type\" content=\"article\" \/>\n<meta property=\"og:title\" content=\"Home DE - Pam Kowalski\" \/>\n<meta property=\"og:description\" content=\"Gestalte dein&nbsp;Leben \u00c4ndere deinen Glauben daran, wozu du f\u00e4hig bist. W\u00e4hle&nbsp;dein Verhalten so, dass es widerspiegelt, wof\u00fcr du wirklich stehst. F\u00fchre&nbsp;dein pers\u00f6nliches und berufliches Leben, so wie du es m\u00f6chtest \u2013 ab heute. Klicke&nbsp;hier&nbsp;f\u00fcr weitere Informationen \u00fcber Coaching mit mir. Gestalte deine Welt Entwickle ehrliche und inspirierende Beziehungen \u2013 zu Hause und bei der Arbeit. [&hellip;]\" \/>\n<meta property=\"og:url\" content=\"https:\/\/pamkowalski.com\/en\/\" \/>\n<meta property=\"og:site_name\" content=\"Pam Kowalski\" \/>\n<meta property=\"article:modified_time\" content=\"2024-06-17T08:10:14+00:00\" \/>\n<meta property=\"og:image\" content=\"https:\/\/pamkowalski.com\/wp-content\/uploads\/2016\/09\/Connect-to-what-really-matters-and-live-it-today.jpg\" \/>\n\t<meta property=\"og:image:width\" content=\"1024\" \/>\n\t<meta property=\"og:image:height\" content=\"683\" \/>\n\t<meta property=\"og:image:type\" content=\"image\/jpeg\" \/>\n<meta name=\"twitter:card\" content=\"summary_large_image\" \/>\n<meta name=\"twitter:label1\" content=\"Gesch\u00e4tzte Lesezeit\" \/>\n\t<meta name=\"twitter:data1\" content=\"2\u00a0Minuten\" \/>\n<script type=\"application\/ld+json\" class=\"yoast-schema-graph\">{\"@context\":\"https:\\\/\\\/schema.org\",\"@graph\":[{\"@type\":\"WebPage\",\"@id\":\"https:\\\/\\\/pamkowalski.com\\\/en\\\/\",\"url\":\"https:\\\/\\\/pamkowalski.com\\\/en\\\/\",\"name\":\"Home DE - Pam Kowalski\",\"isPartOf\":{\"@id\":\"https:\\\/\\\/pamkowalski.com\\\/en\\\/#website\"},\"primaryImageOfPage\":{\"@id\":\"https:\\\/\\\/pamkowalski.com\\\/en\\\/#primaryimage\"},\"image\":{\"@id\":\"https:\\\/\\\/pamkowalski.com\\\/en\\\/#primaryimage\"},\"thumbnailUrl\":\"https:\\\/\\\/pamkowalski.com\\\/wp-content\\\/uploads\\\/2016\\\/09\\\/Connect-to-what-really-matters-and-live-it-today.jpg\",\"datePublished\":\"2022-06-09T12:47:08+00:00\",\"dateModified\":\"2024-06-17T08:10:14+00:00\",\"breadcrumb\":{\"@id\":\"https:\\\/\\\/pamkowalski.com\\\/en\\\/#breadcrumb\"},\"inLanguage\":\"de\",\"potentialAction\":[{\"@type\":\"ReadAction\",\"target\":[\"https:\\\/\\\/pamkowalski.com\\\/en\\\/\"]}]},{\"@type\":\"ImageObject\",\"inLanguage\":\"de\",\"@id\":\"https:\\\/\\\/pamkowalski.com\\\/en\\\/#primaryimage\",\"url\":\"https:\\\/\\\/pamkowalski.com\\\/wp-content\\\/uploads\\\/2016\\\/09\\\/Connect-to-what-really-matters-and-live-it-today.jpg\",\"contentUrl\":\"https:\\\/\\\/pamkowalski.com\\\/wp-content\\\/uploads\\\/2016\\\/09\\\/Connect-to-what-really-matters-and-live-it-today.jpg\",\"width\":1024,\"height\":683},{\"@type\":\"BreadcrumbList\",\"@id\":\"https:\\\/\\\/pamkowalski.com\\\/en\\\/#breadcrumb\",\"itemListElement\":[{\"@type\":\"ListItem\",\"position\":1,\"name\":\"Home\",\"item\":\"https:\\\/\\\/pamkowalski.com\\\/en\\\/\"},{\"@type\":\"ListItem\",\"position\":2,\"name\":\"Home DE\"}]},{\"@type\":\"WebSite\",\"@id\":\"https:\\\/\\\/pamkowalski.com\\\/en\\\/#website\",\"url\":\"https:\\\/\\\/pamkowalski.com\\\/en\\\/\",\"name\":\"Pam Kowalski\",\"description\":\"Leadership Coach &amp; Trainer\",\"publisher\":{\"@id\":\"https:\\\/\\\/pamkowalski.com\\\/en\\\/#\\\/schema\\\/person\\\/ea1ed85d3da6d9ce7e33a2c593b1b1d2\"},\"potentialAction\":[{\"@type\":\"SearchAction\",\"target\":{\"@type\":\"EntryPoint\",\"urlTemplate\":\"https:\\\/\\\/pamkowalski.com\\\/en\\\/?s={search_term_string}\"},\"query-input\":{\"@type\":\"PropertyValueSpecification\",\"valueRequired\":true,\"valueName\":\"search_term_string\"}}],\"inLanguage\":\"de\"},{\"@type\":[\"Person\",\"Organization\"],\"@id\":\"https:\\\/\\\/pamkowalski.com\\\/en\\\/#\\\/schema\\\/person\\\/ea1ed85d3da6d9ce7e33a2c593b1b1d2\",\"name\":\"Pam\",\"image\":{\"@type\":\"ImageObject\",\"inLanguage\":\"de\",\"@id\":\"https:\\\/\\\/pamkowalski.com\\\/wp-content\\\/uploads\\\/2022\\\/06\\\/logo1.png\",\"url\":\"https:\\\/\\\/pamkowalski.com\\\/wp-content\\\/uploads\\\/2022\\\/06\\\/logo1.png\",\"contentUrl\":\"https:\\\/\\\/pamkowalski.com\\\/wp-content\\\/uploads\\\/2022\\\/06\\\/logo1.png\",\"width\":240,\"height\":35,\"caption\":\"Pam\"},\"logo\":{\"@id\":\"https:\\\/\\\/pamkowalski.com\\\/wp-content\\\/uploads\\\/2022\\\/06\\\/logo1.png\"}}]}<\/script>\n<!-- \/ Yoast SEO plugin. -->","yoast_head_json":{"title":"Home DE - Pam Kowalski","robots":{"index":"index","follow":"follow","max-snippet":"max-snippet:-1","max-image-preview":"max-image-preview:large","max-video-preview":"max-video-preview:-1"},"canonical":"https:\/\/pamkowalski.com\/en\/","og_locale":"de_DE","og_type":"article","og_title":"Home DE - Pam Kowalski","og_description":"Gestalte dein&nbsp;Leben \u00c4ndere deinen Glauben daran, wozu du f\u00e4hig bist. W\u00e4hle&nbsp;dein Verhalten so, dass es widerspiegelt, wof\u00fcr du wirklich stehst. F\u00fchre&nbsp;dein pers\u00f6nliches und berufliches Leben, so wie du es m\u00f6chtest \u2013 ab heute. Klicke&nbsp;hier&nbsp;f\u00fcr weitere Informationen \u00fcber Coaching mit mir. Gestalte deine Welt Entwickle ehrliche und inspirierende Beziehungen \u2013 zu Hause und bei der Arbeit. [&hellip;]","og_url":"https:\/\/pamkowalski.com\/en\/","og_site_name":"Pam Kowalski","article_modified_time":"2024-06-17T08:10:14+00:00","og_image":[{"width":1024,"height":683,"url":"https:\/\/pamkowalski.com\/wp-content\/uploads\/2016\/09\/Connect-to-what-really-matters-and-live-it-today.jpg","type":"image\/jpeg"}],"twitter_card":"summary_large_image","twitter_misc":{"Gesch\u00e4tzte Lesezeit":"2\u00a0Minuten"},"schema":{"@context":"https:\/\/schema.org","@graph":[{"@type":"WebPage","@id":"https:\/\/pamkowalski.com\/en\/","url":"https:\/\/pamkowalski.com\/en\/","name":"Home DE - Pam Kowalski","isPartOf":{"@id":"https:\/\/pamkowalski.com\/en\/#website"},"primaryImageOfPage":{"@id":"https:\/\/pamkowalski.com\/en\/#primaryimage"},"image":{"@id":"https:\/\/pamkowalski.com\/en\/#primaryimage"},"thumbnailUrl":"https:\/\/pamkowalski.com\/wp-content\/uploads\/2016\/09\/Connect-to-what-really-matters-and-live-it-today.jpg","datePublished":"2022-06-09T12:47:08+00:00","dateModified":"2024-06-17T08:10:14+00:00","breadcrumb":{"@id":"https:\/\/pamkowalski.com\/en\/#breadcrumb"},"inLanguage":"de","potentialAction":[{"@type":"ReadAction","target":["https:\/\/pamkowalski.com\/en\/"]}]},{"@type":"ImageObject","inLanguage":"de","@id":"https:\/\/pamkowalski.com\/en\/#primaryimage","url":"https:\/\/pamkowalski.com\/wp-content\/uploads\/2016\/09\/Connect-to-what-really-matters-and-live-it-today.jpg","contentUrl":"https:\/\/pamkowalski.com\/wp-content\/uploads\/2016\/09\/Connect-to-what-really-matters-and-live-it-today.jpg","width":1024,"height":683},{"@type":"BreadcrumbList","@id":"https:\/\/pamkowalski.com\/en\/#breadcrumb","itemListElement":[{"@type":"ListItem","position":1,"name":"Home","item":"https:\/\/pamkowalski.com\/en\/"},{"@type":"ListItem","position":2,"name":"Home DE"}]},{"@type":"WebSite","@id":"https:\/\/pamkowalski.com\/en\/#website","url":"https:\/\/pamkowalski.com\/en\/","name":"Pam Kowalski","description":"Leadership Coach &amp; Trainer","publisher":{"@id":"https:\/\/pamkowalski.com\/en\/#\/schema\/person\/ea1ed85d3da6d9ce7e33a2c593b1b1d2"},"potentialAction":[{"@type":"SearchAction","target":{"@type":"EntryPoint","urlTemplate":"https:\/\/pamkowalski.com\/en\/?s={search_term_string}"},"query-input":{"@type":"PropertyValueSpecification","valueRequired":true,"valueName":"search_term_string"}}],"inLanguage":"de"},{"@type":["Person","Organization"],"@id":"https:\/\/pamkowalski.com\/en\/#\/schema\/person\/ea1ed85d3da6d9ce7e33a2c593b1b1d2","name":"Pam","image":{"@type":"ImageObject","inLanguage":"de","@id":"https:\/\/pamkowalski.com\/wp-content\/uploads\/2022\/06\/logo1.png","url":"https:\/\/pamkowalski.com\/wp-content\/uploads\/2022\/06\/logo1.png","contentUrl":"https:\/\/pamkowalski.com\/wp-content\/uploads\/2022\/06\/logo1.png","width":240,"height":35,"caption":"Pam"},"logo":{"@id":"https:\/\/pamkowalski.com\/wp-content\/uploads\/2022\/06\/logo1.png"}}]}},"_links":{"self":[{"href":"https:\/\/pamkowalski.com\/de\/wp-json\/wp\/v2\/pages\/1164","targetHints":{"allow":["GET"]}}],"collection":[{"href":"https:\/\/pamkowalski.com\/de\/wp-json\/wp\/v2\/pages"}],"about":[{"href":"https:\/\/pamkowalski.com\/de\/wp-json\/wp\/v2\/types\/page"}],"author":[{"embeddable":true,"href":"https:\/\/pamkowalski.com\/de\/wp-json\/wp\/v2\/users\/4"}],"replies":[{"embeddable":true,"href":"https:\/\/pamkowalski.com\/de\/wp-json\/wp\/v2\/comments?post=1164"}],"version-history":[{"count":5,"href":"https:\/\/pamkowalski.com\/de\/wp-json\/wp\/v2\/pages\/1164\/revisions"}],"predecessor-version":[{"id":1905,"href":"https:\/\/pamkowalski.com\/de\/wp-json\/wp\/v2\/pages\/1164\/revisions\/1905"}],"wp:featuredmedia":[{"embeddable":true,"href":"https:\/\/pamkowalski.com\/de\/wp-json\/wp\/v2\/media\/1130"}],"wp:attachment":[{"href":"https:\/\/pamkowalski.com\/de\/wp-json\/wp\/v2\/media?parent=1164"}],"curies":[{"name":"wp","href":"https:\/\/api.w.org\/{rel}","templated":true}]}}