{"id":111,"date":"2016-12-25T03:54:01","date_gmt":"2016-12-25T03:54:01","guid":{"rendered":"http:\/\/pamkowalski.apps-1and1.net\/?page_id=111\/"},"modified":"2024-06-17T08:12:50","modified_gmt":"2024-06-17T08:12:50","slug":"workshops-2","status":"publish","type":"page","link":"https:\/\/pamkowalski.com\/de\/workshops-2\/","title":{"rendered":"Workshops"},"content":{"rendered":"\n<div class=\"wp-block-cover alignfull has-custom-content-position is-position-top-left\"><span aria-hidden=\"true\" class=\"wp-block-cover__background has-background-dim-10 has-background-dim\" style=\"background-color:#8b7453\"><\/span><img loading=\"lazy\" decoding=\"async\" width=\"1024\" height=\"594\" src=\"https:\/\/pamkowalski.com\/wp-content\/uploads\/2017\/01\/other2.jpg\" class=\"wp-block-cover__image-background wp-post-image\" alt=\"\" data-object-fit=\"cover\" srcset=\"https:\/\/pamkowalski.com\/wp-content\/uploads\/2017\/01\/other2.jpg 1024w, https:\/\/pamkowalski.com\/wp-content\/uploads\/2017\/01\/other2-300x174.jpg 300w, https:\/\/pamkowalski.com\/wp-content\/uploads\/2017\/01\/other2-768x446.jpg 768w\" sizes=\"auto, (max-width: 1024px) 100vw, 1024px\" \/><div class=\"wp-block-cover__inner-container is-layout-flow wp-block-cover-is-layout-flow\">\n<p class=\"has-text-align-left has-white-color has-text-color has-large-font-size\" style=\"line-height:1.8;text-transform:uppercase\"><mark style=\"background-color:#9947cc\" class=\"has-inline-color has-base-3-color\">Entdecke das Wesentliche, <br>Und lebe es heute!<\/mark><\/p>\n<\/div><\/div>\n\n\n<h1 class=\"has-text-align-center wp-block-post-title has-x-large-font-size\">Workshops<\/h1>\n\n\n<p><span style=\"font-weight: 400;\">Gemeinsam&nbsp;mit mutigen, humorvollen, engagierten und professionell ausgebildeten Coach-Kollegen (und Lieblingsmenschen), gestalte und umsetze ich interaktive Workshops f\u00fcr verschiedene Zielgruppen und Themen. Unsere Workshops basieren auf den Co-Active Leadership Modellen von <a href=\"http:\/\/www.thecoaches.com\" target=\"_blank\" rel=\"noopener\">CTI<\/a><\/span> <span style=\"font-weight: 400;\">und werden durch andere bew\u00e4hrte sowie auch&nbsp;innovative Konzepte, Materialien und Methoden aus unterschiedlichsten Forschungsbereichen erg\u00e4nzt.<\/span><\/p>\n\n\n\n<h2 class=\"wp-block-heading\">Find YOUR Way\u2026 as a female leader<\/h2>\n\n\n\n<p><span style=\"font-weight: 400;\">Mit <a href=\"http:\/\/www.sofiaburau.com\" target=\"_blank\" rel=\"noopener\">Sofia Burau<\/a>&nbsp;als Co-Leader, unterst\u00fctze ich weitgereiste und aufgeschlossene Frauen&nbsp;auf der Reise zur\u00fcck zu sich selbst, und zur kraft der bewussten (selbst-) Leitung. Wir bieten Mini-Workshops und Ganztags-Events zu diesem Thema an, die in der N\u00e4he von&nbsp;Frankfurt, Deutschland, stattfinden.&nbsp;Unsere Teilnehmerinnen entdecken gemeinsam ihre Einzigartigkeit, ihre zentralen Werte, und ihre Power. Sie&nbsp;erkunden wie ein erf\u00fclltes Leben f\u00fcr sie aussehen kann, egal, wo auf dieser Welt sie sich befinden.<\/span><\/p>\n\n\n\n<p>F\u00fcr mehr Information (in englischer Sprache) \u00fcber unsere Workshops, besuchen Sie <a href=\"https:\/\/www.findyourway-femaleleader.com\/\">www.findyourway-femaleleader.com<\/a><\/p>\n\n\n<div class=\"strong-view strong-view-id-7 default wpmtst-default\" data-count=\"2\"><div class=\"strong-content strong-normal columns-1\"><div class=\"wpmtst-testimonial testimonial post-1626\"><div class=\"wpmtst-testimonial-inner testimonial-inner\"><div    class=\"wpmtst-testimonial-content testimonial-content\"><div class=\"maybe-clear\"><\/div><p>Ein Coachingbuch zu lesen k\u00f6nnte m\u00f6glicherweise deinem Leben eine kleine Drehung geben, wenn du Gl\u00fcck hast. Aber Teilnahme an diesem Vision 2017 Workshop ist wie eine Rakete.<\/p><\/div><div class=\"wpmtst-testimonial-field testimonial-field testimonial-name\">Jutta<\/div><div class=\"clear\"><\/div><\/div><\/div><div class=\"wpmtst-testimonial testimonial post-1623\"><div class=\"wpmtst-testimonial-inner testimonial-inner\"><div    class=\"wpmtst-testimonial-content testimonial-content\"><div class=\"maybe-clear\"><\/div><p>Sofia und Pam, Ihr habt gro\u00dfartiges geleistet mir dabei zu helfen mein echtes ich sehen zu k\u00f6nnen.<\/p><\/div><div class=\"wpmtst-testimonial-field testimonial-field testimonial-name\">Marion<\/div><div class=\"clear\"><\/div><\/div><\/div><\/div><\/div>\n\n\n\n<div style=\"height:40px\" aria-hidden=\"true\" class=\"wp-block-spacer\"><\/div>\n\n\n\n<h2 class=\"wp-block-heading\">Leadership f\u00fcr Projektmanager<\/h2>\n\n\n\n<p><a href=\"https:\/\/coaches.xing.com\/coaches\/Carsten_Pfahlert\" target=\"_blank\" rel=\"noopener\">Dr. Carsten Pfahlert<\/a> und ich entwickeln ma\u00dfgeschneiderte Leadership Workshops f\u00fcr Projektmanager in mittelst\u00e4ndischen und gro\u00dfen Unternehmen. Die Teilnehmer verbinden sich&nbsp;mit ihrem Inneren und st\u00e4rken ihre F\u00e4higkeiten als Leader von innen heraus. Auf dieser Basis lernen sie sich agil und elegant zwischen den unterschiedlichen&nbsp;Rollen als leitende Kraft&nbsp;zu bewegen: Leader von vorne, von der Seite, von hinten, und vom Umfeld. Erfahrungsbezogene, kompetenzaufbauende \u00dcbungen - und viel Lachen - erzeugen Spa\u00df, eine tiefe Lernerfahrung und einen erfolgsorientierten Effekt.<\/p>\n\n\n\n<h2 class=\"wp-block-heading\">Auswertung in Teams - Eine Entdeckungsreise<\/h2>\n\n\n\n<p>Wer sind wir als Team? Wie k\u00f6nnen wir besser zusammenarbeiten? Woher k\u00f6nnen wir wissen, dass wir erfolgreich sind? In interaktiven Workshops begleiten <a href=\"https:\/\/de.linkedin.com\/in\/thomas-teichler-0888ab3\" target=\"_blank\" rel=\"noopener\">Dr. Thomas Teichler<\/a>&nbsp;Teams bei der Diskussion dieser Fragen in Workshops individuell zugeschnitten auf die Struktur und Bed\u00fcrfnisse jedes Teams. Workshop-Teilnehmer gewinnen Klarheit \u00fcber ihre St\u00e4rken, Leistungen, Ziele, und die n\u00e4chsten Schritte, als Einzelperson und als Team.<\/p>\n\n\n\n<h2 class=\"wp-block-heading\">\u201cDritter Weg\u201d Beziehungs-Coaching<\/h2>\n\n\n\n<p>Beziehungen zwischen Menschen haben ihren eigenen Verlauf - \"der dritte Weg\"- und k\u00f6nnen sich sehr&nbsp;holprig anf\u00fchlen, wenn unerwartete oder andererseits transformative Erfahrungen eintreten. Unter&nbsp;ihnen finden sich ein neues Baby, das Syndrom \"Leeres Nest\", pflegebed\u00fcrftige Eltern, chronische\/schwere Krankheiten, Fortbildungen, Teilnahme an Programmen zur pers\u00f6nlichen Weiterentwicklung oder sogar mehrere davon gleichzeitig. <a href=\"http:\/\/www.thirdpathcoaching.com\" target=\"_blank\" rel=\"noopener\">Dr. Jonathan Howard<\/a>&nbsp;und ich helfen Paaren in diesen Phasen&nbsp;sich zu orientieren und gemeinsam&nbsp;und bewusst \u00fcber das \"Wohin\" und \"Wie\" ihres dritten Weges zu entscheiden. Wir informieren \u00fcber Kommunikations- und beziehungsaufbauende Werkzeuge, mit deren Hilfe Paaren ihre Beziehung bewu\u00dft&nbsp;und respektvoll gestalten und immer wieder \"neugestalten\" k\u00f6nnen, egal wohin der dritte Weg sie f\u00fchrt. Wir begleiten Beziehungen per&nbsp;Videokonferenz, (Skype oder Zoom), der Wohnort ist also kein Thema.<\/p>\n\n\n\n<h3 class=\"wp-block-heading\">&nbsp;<\/h3>\n\n\n\n<h2 class=\"wp-block-heading\"><span style=\"font-weight: 400;\">Fragen?<\/span><\/h2>\n\n\n\n<p class=\"has-text-align-center\">Ruf mich (in Deutschland) an: +49 160 90 122 169<\/p>\n\n\n\n<p class=\"has-text-align-center\">oder<\/p>\n\n\n\n<div class=\"wp-block-buttons is-content-justification-center is-layout-flex wp-container-core-buttons-is-layout-a89b3969 wp-block-buttons-is-layout-flex\">\n<div class=\"wp-block-button\"><a class=\"wp-block-button__link wp-element-button\" href=\"https:\/\/pamkowalski.com\/en\/de\/kontakt\/\">Kontakt<\/a><\/div>\n<\/div>\n\n\n\n<div style=\"height:50px\" aria-hidden=\"true\" class=\"wp-block-spacer\"><\/div>\n\n\n\n<div class=\"wp-block-cover alignfull\" style=\"min-height:400px;aspect-ratio:unset;\"><span aria-hidden=\"true\" class=\"wp-block-cover__background has-background-dim-20 has-background-dim\"><\/span><img loading=\"lazy\" decoding=\"async\" width=\"1024\" height=\"684\" class=\"wp-block-cover__image-background wp-image-1141\" alt=\"\" src=\"https:\/\/pamkowalski.com\/en\/wp-content\/uploads\/2017\/01\/sky-purple2.jpg\" style=\"object-position:58% 44%\" data-object-fit=\"cover\" data-object-position=\"58% 44%\" srcset=\"https:\/\/pamkowalski.com\/wp-content\/uploads\/2017\/01\/sky-purple2.jpg 1024w, https:\/\/pamkowalski.com\/wp-content\/uploads\/2017\/01\/sky-purple2-300x200.jpg 300w, https:\/\/pamkowalski.com\/wp-content\/uploads\/2017\/01\/sky-purple2-768x513.jpg 768w\" sizes=\"auto, (max-width: 1024px) 100vw, 1024px\" \/><div class=\"wp-block-cover__inner-container is-layout-flow wp-block-cover-is-layout-flow\">\n<div class=\"wp-block-columns is-layout-flex wp-container-core-columns-is-layout-28f84493 wp-block-columns-is-layout-flex\">\n<div class=\"wp-block-column is-layout-flow wp-block-column-is-layout-flow\" style=\"padding-top:40px;padding-right:40px;padding-bottom:40px;padding-left:40px\"><\/div>\n\n\n\n<div class=\"wp-block-column is-layout-constrained wp-block-column-is-layout-constrained\" style=\"flex-basis:600px\">\n<div class=\"inherit-container-width wp-block-group has-background is-layout-constrained wp-container-core-group-is-layout-7ac32d91 wp-block-group-is-layout-constrained\" style=\"border-radius:8px;background-color:#ffffff99;padding-top:1em;padding-right:1em;padding-bottom:1em;padding-left:1em;font-size:22px\">\n<p class=\"has-text-align-center has-black-color has-text-color\" style=\"font-size:22px\">\u201cZusammenkommen ist ein Beginn, Zusammenbleiben ist ein Fortschritt, Zusammenarbeiten ist ein Erfolg.\u201d<\/p>\n\n\n\n<p class=\"has-text-align-center has-black-color has-text-color\" style=\"font-size:22px\"><em>\u2013 Henry Ford<\/em><\/p>\n<\/div>\n<\/div>\n\n\n\n<div class=\"wp-block-column is-layout-flow wp-block-column-is-layout-flow\" style=\"padding-top:40px;padding-right:40px;padding-bottom:40px;padding-left:40px\"><\/div>\n<\/div>\n<\/div><\/div>\n","protected":false},"excerpt":{"rendered":"<p>Gemeinsam&nbsp;mit mutigen, humorvollen, engagierten und professionell ausgebildeten Coach-Kollegen (und Lieblingsmenschen), gestalte und umsetze ich interaktive Workshops f\u00fcr verschiedene Zielgruppen und Themen. Unsere Workshops basieren auf den Co-Active Leadership Modellen von CTI und werden durch andere bew\u00e4hrte sowie auch&nbsp;innovative Konzepte, Materialien und Methoden aus unterschiedlichsten Forschungsbereichen erg\u00e4nzt. Find YOUR Way\u2026 as a female leader Mit Sofia [&hellip;]<\/p>\n","protected":false},"author":4,"featured_media":1131,"parent":0,"menu_order":0,"comment_status":"closed","ping_status":"closed","template":"","meta":{"site-sidebar-layout":"default","site-content-layout":"","ast-site-content-layout":"default","site-content-style":"default","site-sidebar-style":"default","ast-global-header-display":"","ast-banner-title-visibility":"","ast-main-header-display":"","ast-hfb-above-header-display":"","ast-hfb-below-header-display":"","ast-hfb-mobile-header-display":"","site-post-title":"","ast-breadcrumbs-content":"","ast-featured-img":"","footer-sml-layout":"","ast-disable-related-posts":"","theme-transparent-header-meta":"","adv-header-id-meta":"","stick-header-meta":"","header-above-stick-meta":"","header-main-stick-meta":"","header-below-stick-meta":"","astra-migrate-meta-layouts":"set","ast-page-background-enabled":"default","ast-page-background-meta":{"desktop":{"background-color":"var(--ast-global-color-4)","background-image":"","background-repeat":"repeat","background-position":"center center","background-size":"auto","background-attachment":"scroll","background-type":"","background-media":"","overlay-type":"","overlay-color":"","overlay-opacity":"","overlay-gradient":""},"tablet":{"background-color":"","background-image":"","background-repeat":"repeat","background-position":"center center","background-size":"auto","background-attachment":"scroll","background-type":"","background-media":"","overlay-type":"","overlay-color":"","overlay-opacity":"","overlay-gradient":""},"mobile":{"background-color":"","background-image":"","background-repeat":"repeat","background-position":"center center","background-size":"auto","background-attachment":"scroll","background-type":"","background-media":"","overlay-type":"","overlay-color":"","overlay-opacity":"","overlay-gradient":""}},"ast-content-background-meta":{"desktop":{"background-color":"var(--ast-global-color-5)","background-image":"","background-repeat":"repeat","background-position":"center center","background-size":"auto","background-attachment":"scroll","background-type":"","background-media":"","overlay-type":"","overlay-color":"","overlay-opacity":"","overlay-gradient":""},"tablet":{"background-color":"var(--ast-global-color-5)","background-image":"","background-repeat":"repeat","background-position":"center center","background-size":"auto","background-attachment":"scroll","background-type":"","background-media":"","overlay-type":"","overlay-color":"","overlay-opacity":"","overlay-gradient":""},"mobile":{"background-color":"var(--ast-global-color-5)","background-image":"","background-repeat":"repeat","background-position":"center center","background-size":"auto","background-attachment":"scroll","background-type":"","background-media":"","overlay-type":"","overlay-color":"","overlay-opacity":"","overlay-gradient":""}},"_themeisle_gutenberg_block_has_review":false,"footnotes":""},"class_list":["post-111","page","type-page","status-publish","has-post-thumbnail","hentry"],"yoast_head":"<!-- This site is optimized with the Yoast SEO plugin v27.4 - https:\/\/yoast.com\/product\/yoast-seo-wordpress\/ -->\n<title>Workshops - Pam Kowalski<\/title>\n<meta name=\"description\" content=\"Gemeinsam\u00a0mit mutigen, humorvollen, engagierten und professionell CTI-ausgebildeten Coach-Kollegen (und Lieblingsmenschen), gestalte und umsetze ich interaktive Workshops f\u00fcr verschiedene Zielgruppen und Themen.\" \/>\n<meta name=\"robots\" content=\"index, follow, max-snippet:-1, max-image-preview:large, max-video-preview:-1\" \/>\n<link rel=\"canonical\" href=\"https:\/\/pamkowalski.com\/en\/workshops\/\" \/>\n<meta property=\"og:locale\" content=\"de_DE\" \/>\n<meta property=\"og:type\" content=\"article\" \/>\n<meta property=\"og:title\" content=\"Workshops - Pam Kowalski\" \/>\n<meta property=\"og:description\" content=\"Gemeinsam\u00a0mit mutigen, humorvollen, engagierten und professionell CTI-ausgebildeten Coach-Kollegen (und Lieblingsmenschen), gestalte und umsetze ich interaktive Workshops f\u00fcr verschiedene Zielgruppen und Themen.\" \/>\n<meta property=\"og:url\" content=\"https:\/\/pamkowalski.com\/en\/workshops\/\" \/>\n<meta property=\"og:site_name\" content=\"Pam Kowalski\" \/>\n<meta property=\"article:modified_time\" content=\"2024-06-17T08:12:50+00:00\" \/>\n<meta property=\"og:image\" content=\"https:\/\/pamkowalski.com\/wp-content\/uploads\/2017\/01\/other2.jpg\" \/>\n\t<meta property=\"og:image:width\" content=\"1024\" \/>\n\t<meta property=\"og:image:height\" content=\"594\" \/>\n\t<meta property=\"og:image:type\" content=\"image\/jpeg\" \/>\n<meta name=\"twitter:card\" content=\"summary_large_image\" \/>\n<meta name=\"twitter:label1\" content=\"Gesch\u00e4tzte Lesezeit\" \/>\n\t<meta name=\"twitter:data1\" content=\"3\u00a0Minuten\" \/>\n<script type=\"application\/ld+json\" class=\"yoast-schema-graph\">{\"@context\":\"https:\\\/\\\/schema.org\",\"@graph\":[{\"@type\":\"WebPage\",\"@id\":\"https:\\\/\\\/pamkowalski.com\\\/en\\\/workshops\\\/\",\"url\":\"https:\\\/\\\/pamkowalski.com\\\/en\\\/workshops\\\/\",\"name\":\"Workshops - Pam Kowalski\",\"isPartOf\":{\"@id\":\"https:\\\/\\\/pamkowalski.com\\\/en\\\/#website\"},\"primaryImageOfPage\":{\"@id\":\"https:\\\/\\\/pamkowalski.com\\\/en\\\/workshops\\\/#primaryimage\"},\"image\":{\"@id\":\"https:\\\/\\\/pamkowalski.com\\\/en\\\/workshops\\\/#primaryimage\"},\"thumbnailUrl\":\"https:\\\/\\\/pamkowalski.com\\\/wp-content\\\/uploads\\\/2017\\\/01\\\/other2.jpg\",\"datePublished\":\"2016-12-25T03:54:01+00:00\",\"dateModified\":\"2024-06-17T08:12:50+00:00\",\"description\":\"Gemeinsam\u00a0mit mutigen, humorvollen, engagierten und professionell CTI-ausgebildeten Coach-Kollegen (und Lieblingsmenschen), gestalte und umsetze ich interaktive Workshops f\u00fcr verschiedene Zielgruppen und Themen.\",\"breadcrumb\":{\"@id\":\"https:\\\/\\\/pamkowalski.com\\\/en\\\/workshops\\\/#breadcrumb\"},\"inLanguage\":\"de\",\"potentialAction\":[{\"@type\":\"ReadAction\",\"target\":[\"https:\\\/\\\/pamkowalski.com\\\/en\\\/workshops\\\/\"]}]},{\"@type\":\"ImageObject\",\"inLanguage\":\"de\",\"@id\":\"https:\\\/\\\/pamkowalski.com\\\/en\\\/workshops\\\/#primaryimage\",\"url\":\"https:\\\/\\\/pamkowalski.com\\\/wp-content\\\/uploads\\\/2017\\\/01\\\/other2.jpg\",\"contentUrl\":\"https:\\\/\\\/pamkowalski.com\\\/wp-content\\\/uploads\\\/2017\\\/01\\\/other2.jpg\",\"width\":1024,\"height\":594},{\"@type\":\"BreadcrumbList\",\"@id\":\"https:\\\/\\\/pamkowalski.com\\\/en\\\/workshops\\\/#breadcrumb\",\"itemListElement\":[{\"@type\":\"ListItem\",\"position\":1,\"name\":\"Home\",\"item\":\"https:\\\/\\\/pamkowalski.com\\\/en\\\/\"},{\"@type\":\"ListItem\",\"position\":2,\"name\":\"Workshops\"}]},{\"@type\":\"WebSite\",\"@id\":\"https:\\\/\\\/pamkowalski.com\\\/en\\\/#website\",\"url\":\"https:\\\/\\\/pamkowalski.com\\\/en\\\/\",\"name\":\"Pam Kowalski\",\"description\":\"Leadership Coach &amp; Trainer\",\"publisher\":{\"@id\":\"https:\\\/\\\/pamkowalski.com\\\/en\\\/#\\\/schema\\\/person\\\/ea1ed85d3da6d9ce7e33a2c593b1b1d2\"},\"potentialAction\":[{\"@type\":\"SearchAction\",\"target\":{\"@type\":\"EntryPoint\",\"urlTemplate\":\"https:\\\/\\\/pamkowalski.com\\\/en\\\/?s={search_term_string}\"},\"query-input\":{\"@type\":\"PropertyValueSpecification\",\"valueRequired\":true,\"valueName\":\"search_term_string\"}}],\"inLanguage\":\"de\"},{\"@type\":[\"Person\",\"Organization\"],\"@id\":\"https:\\\/\\\/pamkowalski.com\\\/en\\\/#\\\/schema\\\/person\\\/ea1ed85d3da6d9ce7e33a2c593b1b1d2\",\"name\":\"Pam\",\"image\":{\"@type\":\"ImageObject\",\"inLanguage\":\"de\",\"@id\":\"https:\\\/\\\/pamkowalski.com\\\/wp-content\\\/uploads\\\/2022\\\/06\\\/logo1.png\",\"url\":\"https:\\\/\\\/pamkowalski.com\\\/wp-content\\\/uploads\\\/2022\\\/06\\\/logo1.png\",\"contentUrl\":\"https:\\\/\\\/pamkowalski.com\\\/wp-content\\\/uploads\\\/2022\\\/06\\\/logo1.png\",\"width\":240,\"height\":35,\"caption\":\"Pam\"},\"logo\":{\"@id\":\"https:\\\/\\\/pamkowalski.com\\\/wp-content\\\/uploads\\\/2022\\\/06\\\/logo1.png\"}}]}<\/script>\n<!-- \/ Yoast SEO plugin. -->","yoast_head_json":{"title":"Workshops - Pam Kowalski","description":"Gemeinsam\u00a0mit mutigen, humorvollen, engagierten und professionell CTI-ausgebildeten Coach-Kollegen (und Lieblingsmenschen), gestalte und umsetze ich interaktive Workshops f\u00fcr verschiedene Zielgruppen und Themen.","robots":{"index":"index","follow":"follow","max-snippet":"max-snippet:-1","max-image-preview":"max-image-preview:large","max-video-preview":"max-video-preview:-1"},"canonical":"https:\/\/pamkowalski.com\/en\/workshops\/","og_locale":"de_DE","og_type":"article","og_title":"Workshops - Pam Kowalski","og_description":"Gemeinsam\u00a0mit mutigen, humorvollen, engagierten und professionell CTI-ausgebildeten Coach-Kollegen (und Lieblingsmenschen), gestalte und umsetze ich interaktive Workshops f\u00fcr verschiedene Zielgruppen und Themen.","og_url":"https:\/\/pamkowalski.com\/en\/workshops\/","og_site_name":"Pam Kowalski","article_modified_time":"2024-06-17T08:12:50+00:00","og_image":[{"width":1024,"height":594,"url":"https:\/\/pamkowalski.com\/wp-content\/uploads\/2017\/01\/other2.jpg","type":"image\/jpeg"}],"twitter_card":"summary_large_image","twitter_misc":{"Gesch\u00e4tzte Lesezeit":"3\u00a0Minuten"},"schema":{"@context":"https:\/\/schema.org","@graph":[{"@type":"WebPage","@id":"https:\/\/pamkowalski.com\/en\/workshops\/","url":"https:\/\/pamkowalski.com\/en\/workshops\/","name":"Workshops - Pam Kowalski","isPartOf":{"@id":"https:\/\/pamkowalski.com\/en\/#website"},"primaryImageOfPage":{"@id":"https:\/\/pamkowalski.com\/en\/workshops\/#primaryimage"},"image":{"@id":"https:\/\/pamkowalski.com\/en\/workshops\/#primaryimage"},"thumbnailUrl":"https:\/\/pamkowalski.com\/wp-content\/uploads\/2017\/01\/other2.jpg","datePublished":"2016-12-25T03:54:01+00:00","dateModified":"2024-06-17T08:12:50+00:00","description":"Gemeinsam\u00a0mit mutigen, humorvollen, engagierten und professionell CTI-ausgebildeten Coach-Kollegen (und Lieblingsmenschen), gestalte und umsetze ich interaktive Workshops f\u00fcr verschiedene Zielgruppen und Themen.","breadcrumb":{"@id":"https:\/\/pamkowalski.com\/en\/workshops\/#breadcrumb"},"inLanguage":"de","potentialAction":[{"@type":"ReadAction","target":["https:\/\/pamkowalski.com\/en\/workshops\/"]}]},{"@type":"ImageObject","inLanguage":"de","@id":"https:\/\/pamkowalski.com\/en\/workshops\/#primaryimage","url":"https:\/\/pamkowalski.com\/wp-content\/uploads\/2017\/01\/other2.jpg","contentUrl":"https:\/\/pamkowalski.com\/wp-content\/uploads\/2017\/01\/other2.jpg","width":1024,"height":594},{"@type":"BreadcrumbList","@id":"https:\/\/pamkowalski.com\/en\/workshops\/#breadcrumb","itemListElement":[{"@type":"ListItem","position":1,"name":"Home","item":"https:\/\/pamkowalski.com\/en\/"},{"@type":"ListItem","position":2,"name":"Workshops"}]},{"@type":"WebSite","@id":"https:\/\/pamkowalski.com\/en\/#website","url":"https:\/\/pamkowalski.com\/en\/","name":"Pam Kowalski","description":"Leadership Coach &amp; Trainer","publisher":{"@id":"https:\/\/pamkowalski.com\/en\/#\/schema\/person\/ea1ed85d3da6d9ce7e33a2c593b1b1d2"},"potentialAction":[{"@type":"SearchAction","target":{"@type":"EntryPoint","urlTemplate":"https:\/\/pamkowalski.com\/en\/?s={search_term_string}"},"query-input":{"@type":"PropertyValueSpecification","valueRequired":true,"valueName":"search_term_string"}}],"inLanguage":"de"},{"@type":["Person","Organization"],"@id":"https:\/\/pamkowalski.com\/en\/#\/schema\/person\/ea1ed85d3da6d9ce7e33a2c593b1b1d2","name":"Pam","image":{"@type":"ImageObject","inLanguage":"de","@id":"https:\/\/pamkowalski.com\/wp-content\/uploads\/2022\/06\/logo1.png","url":"https:\/\/pamkowalski.com\/wp-content\/uploads\/2022\/06\/logo1.png","contentUrl":"https:\/\/pamkowalski.com\/wp-content\/uploads\/2022\/06\/logo1.png","width":240,"height":35,"caption":"Pam"},"logo":{"@id":"https:\/\/pamkowalski.com\/wp-content\/uploads\/2022\/06\/logo1.png"}}]}},"_links":{"self":[{"href":"https:\/\/pamkowalski.com\/de\/wp-json\/wp\/v2\/pages\/111","targetHints":{"allow":["GET"]}}],"collection":[{"href":"https:\/\/pamkowalski.com\/de\/wp-json\/wp\/v2\/pages"}],"about":[{"href":"https:\/\/pamkowalski.com\/de\/wp-json\/wp\/v2\/types\/page"}],"author":[{"embeddable":true,"href":"https:\/\/pamkowalski.com\/de\/wp-json\/wp\/v2\/users\/4"}],"replies":[{"embeddable":true,"href":"https:\/\/pamkowalski.com\/de\/wp-json\/wp\/v2\/comments?post=111"}],"version-history":[{"count":5,"href":"https:\/\/pamkowalski.com\/de\/wp-json\/wp\/v2\/pages\/111\/revisions"}],"predecessor-version":[{"id":1908,"href":"https:\/\/pamkowalski.com\/de\/wp-json\/wp\/v2\/pages\/111\/revisions\/1908"}],"wp:featuredmedia":[{"embeddable":true,"href":"https:\/\/pamkowalski.com\/de\/wp-json\/wp\/v2\/media\/1131"}],"wp:attachment":[{"href":"https:\/\/pamkowalski.com\/de\/wp-json\/wp\/v2\/media?parent=111"}],"curies":[{"name":"wp","href":"https:\/\/api.w.org\/{rel}","templated":true}]}}