{"id":110,"date":"2017-01-04T04:05:22","date_gmt":"2017-01-04T04:05:22","guid":{"rendered":"http:\/\/pamkowalski.apps-1and1.net\/?page_id=110\/"},"modified":"2022-11-16T10:22:26","modified_gmt":"2022-11-16T10:22:26","slug":"referenzen","status":"publish","type":"page","link":"https:\/\/pamkowalski.com\/de\/referenzen\/","title":{"rendered":"Referenzen"},"content":{"rendered":"\n<div class=\"wp-block-cover alignfull is-light has-custom-content-position is-position-top-left\"><span aria-hidden=\"true\" class=\"wp-block-cover__background has-background-dim-10 has-background-dim\"><\/span><img loading=\"lazy\" decoding=\"async\" width=\"1024\" height=\"624\" src=\"https:\/\/pamkowalski.com\/wp-content\/uploads\/2017\/01\/testimonials-1.jpg\" class=\"wp-block-cover__image-background wp-post-image\" alt=\"\" data-object-fit=\"cover\" srcset=\"https:\/\/pamkowalski.com\/wp-content\/uploads\/2017\/01\/testimonials-1.jpg 1024w, https:\/\/pamkowalski.com\/wp-content\/uploads\/2017\/01\/testimonials-1-300x183.jpg 300w, https:\/\/pamkowalski.com\/wp-content\/uploads\/2017\/01\/testimonials-1-768x468.jpg 768w\" sizes=\"auto, (max-width: 1024px) 100vw, 1024px\" \/><div class=\"wp-block-cover__inner-container is-layout-flow wp-block-cover-is-layout-flow\">\n<p class=\"has-text-align-left has-white-color has-text-color has-large-font-size\" style=\"text-transform:uppercase\"><\/p>\n<\/div><\/div>\n\n\n<h1 class=\"has-text-align-center wp-block-post-title has-x-large-font-size\">Referenzen<\/h1>\n\n<div class=\"strong-view strong-view-id-2 default wpmtst-default\" data-count=\"10\"><div class=\"strong-content strong-normal columns-1\"><div class=\"wpmtst-testimonial testimonial post-1840\"><div class=\"wpmtst-testimonial-inner testimonial-inner\"><div    class=\"wpmtst-testimonial-content testimonial-content\"><div class=\"maybe-clear\"><\/div><p>Ich arbeite schon l\u00e4nger mit Pam zusammen und wenn ich zur\u00fcckblicke hat sich viel in meinem Leben ver\u00e4ndert. Mit Pam habe ich meine inneren Sch\u00e4tze entdeckt. Und den Mut entwickelt diese nach au\u00dfen zu tragen. Von ihr habe ich gelernt nach vorn zu schauen und mein Leben selbstverantwortlich in die Hand zu nehmen. Ich sch\u00e4tze ihre positive, offene, herzliche und unkomplizierte Art. Sie schafft es irgendwie immer wieder dem Ganzen einen roten Faden zu geben und meine chaotischen Gedankeng\u00e4nge zu ordnen. Ich bin sehr dankbar sie kennengelernt zu haben.<\/p><p>&nbsp;<\/p><\/div><div class=\"wpmtst-testimonial-field testimonial-field testimonial-name\">C.M.<\/div><div class=\"clear\"><\/div><\/div><\/div><div class=\"wpmtst-testimonial testimonial post-1833\"><div class=\"wpmtst-testimonial-inner testimonial-inner\"><div    class=\"wpmtst-testimonial-content testimonial-content\"><div class=\"maybe-clear\"><\/div><article id=\"post-1621\" class=\"post-1621 wpm-testimonial type-wpm-testimonial status-publish has-post-thumbnail hentry wpm-testimonial-category-deutsch ast-article-single\"><div class=\"ast-post-format- single-layout-1\"><div class=\"entry-content clear\"><p>Jede Coachingsitzung mit Pam f\u00fchlt sich an wie ein spezielles Geschenk ganz f\u00fcr mich allein. Pams Begeisterung f\u00fcr Coaching und die daraus resultierenden Ver\u00e4nderungsm\u00f6glichkeiten ist unglaublich ansteckend und ihre immer verst\u00e4ndnisvolle und unterst\u00fctzende Art hilft mir, immer weiter voranzukommen.<\/p><p>Die w\u00f6chentliche Stunde, die Pam mit mir verbringt, hilft mir, unerwartete Erkenntnisse \u00fcber mich, mein Leben und meine Tr\u00e4ume zu entdecken. Ich h\u00e4tte nicht erwartet, SO viel von einem Coachingprozess auf so vielen verschiedenen Ebenen zu profitieren.<\/p><p>Viele Dinge in meinem Leben haben sich dadurch ver\u00e4ndert innerhalb des letzten halben Jahres und dies noch dazu viel schneller als ich gehofft hatte. Mein Leben ist einfacher geworden und meine Werte klarer. Ich bin voller Selbstvertrauen und begeistert \u00fcber meine neue St\u00e4rke, Kraft und Entschlossenheit.<\/p><\/div><\/div><\/article><nav class=\"navigation post-navigation\" role=\"navigation\" aria-label=\"Beitr\u00e4ge\"><\/nav><\/div><div class=\"wpmtst-testimonial-field testimonial-field testimonial-name\">A.H.<\/div><div class=\"clear\"><\/div><\/div><\/div><div class=\"wpmtst-testimonial testimonial post-1622\"><div class=\"wpmtst-testimonial-inner testimonial-inner\"><div    class=\"wpmtst-testimonial-content testimonial-content\"><div class=\"maybe-clear\"><\/div><p>Ich hatte meine Lebensfreude verloren, weil ich mich in meiner Partnerschaft aufrieb, ohne einen L\u00f6sungsansatz oder einen Ausweg aus dem Problem zu finden.<\/p><p>Meistens f\u00fchlte ich mich ohnm\u00e4chtig und deprimiert. Mit Skepsis und dem Gedanken \u201eSchlimmer kann es nicht werden!\u201c folgte ich einer Empfehlung, mich von Pam coachen zu lassen.<\/p><p>Pam gefiel mir gleich als Person! Sie ist entspannt amerikanisch, humorvoll, empathisch und respektvoll! Es fiel mir nicht schwer, mich zu \u00f6ffnen!<\/p><p>Im Verlauf unserer Sitzungen verschob sich meine Sichtweise betr\u00e4chtlich, weil ich mehr und mehr erkannte, dass ich das \u201eProblem\u201c nicht aus der Welt schaffen will\/kann aber den Umgang damit!!<\/p><p>Sehr viel habe ich \u00fcber mich selbst gelernt und dadurch Gelassenheit, Freude, manchmal Distanz schaffen und positives Denken gewonnen. (Muss manchmal fast lachen, wenn ich, wie gewohnt, mit einer scharfen Bemerkung reagieren will und sich mir fast wie von selbst die Zunge im Mund umdreht zu einer humorvollen \/ positiven \/ ironischen \/ lockeren \/ verst\u00e4ndnisvollen!! Bemerkung! Denke dann: Hi Pam!)<\/p><p>Die Wirkung \u2013 auch auf der \u201eGegenseite\u201c \u2013 ist frappierend!<\/p><\/div><div class=\"wpmtst-testimonial-field testimonial-field testimonial-name\">M.M.<\/div><div class=\"clear\"><\/div><\/div><\/div><div class=\"wpmtst-testimonial testimonial post-1625\"><div class=\"wpmtst-testimonial-inner testimonial-inner\"><div    class=\"wpmtst-testimonial-content testimonial-content\"><div class=\"maybe-clear\"><\/div><p>Liebe Pam,<\/p><p>du hast mich durch deine Art des Coachings entdecken lassen, dass einfach alles im Leben m\u00f6glich ist, wenn ich nur die richtige T\u00fcr finde und \u00f6ffne, vor allem die Verwirklichung jeder Charaktereigenschaft und die Erreichung eines jeden Zieles. Mit deiner einf\u00fchlsamen, intuitiven, offenen und unvoreingenommenen Art hast du dich komplett auf mich eingelassen und mir wichtige Impulse gegeben, um eingefahrene Denkstrukturen aufzudecken, die Perspektive zu wechseln und dadurch Hindernisse und Probleme in Luft aufzul\u00f6sen. Insgesamt hat mir dein Coaching einen Weg gezeigt, meine innere Stimme, meine Intuition zu erkennen und damit selbst(-)bewusster und st\u00e4rker durchs Leben zu gehen. Vielen Dank!<\/p><\/div><div class=\"wpmtst-testimonial-field testimonial-field testimonial-name\">S.G.<\/div><div class=\"clear\"><\/div><\/div><\/div><div class=\"wpmtst-testimonial testimonial post-1623\"><div class=\"wpmtst-testimonial-inner testimonial-inner\"><div    class=\"wpmtst-testimonial-content testimonial-content\"><div class=\"maybe-clear\"><\/div><p>Sofia und Pam, Ihr habt gro\u00dfartiges geleistet mir dabei zu helfen mein echtes ich sehen zu k\u00f6nnen.<\/p><\/div><div class=\"wpmtst-testimonial-field testimonial-field testimonial-name\">Marion<\/div><div class=\"clear\"><\/div><\/div><\/div><div class=\"wpmtst-testimonial testimonial post-1624\"><div class=\"wpmtst-testimonial-inner testimonial-inner\"><div    class=\"wpmtst-testimonial-content testimonial-content\"><div class=\"maybe-clear\"><\/div><p>Du bist herzlich, warm, offen, einf\u00fchlsam, kreativ und spontan.<\/p><p>Danke f\u00fcr die tollen Erlebnisse und Erfahrungen mit dir als Coach!!!!<\/p><\/div><div class=\"wpmtst-testimonial-field testimonial-field testimonial-name\">A.O.<\/div><div class=\"clear\"><\/div><\/div><\/div><div class=\"wpmtst-testimonial testimonial post-1626\"><div class=\"wpmtst-testimonial-inner testimonial-inner\"><div    class=\"wpmtst-testimonial-content testimonial-content\"><div class=\"maybe-clear\"><\/div><p>Ein Coachingbuch zu lesen k\u00f6nnte m\u00f6glicherweise deinem Leben eine kleine Drehung geben, wenn du Gl\u00fcck hast. Aber Teilnahme an diesem Vision 2017 Workshop ist wie eine Rakete.<\/p><\/div><div class=\"wpmtst-testimonial-field testimonial-field testimonial-name\">Jutta<\/div><div class=\"clear\"><\/div><\/div><\/div><div class=\"wpmtst-testimonial testimonial post-1628\"><div class=\"wpmtst-testimonial-inner testimonial-inner\"><div    class=\"wpmtst-testimonial-content testimonial-content\"><div class=\"maybe-clear\"><\/div><p>Danke, dass Ihr diesen wunderbaren Workshop gegeben habt.\u00a0\u00a0Es war ein Vergn\u00fcgen und ist immer eine nette Zeit mit Euch zusammen. Ich habe gelernt Gef\u00fchle\/Dinge\/Schwingungen wahrzunehmen, die in meinem Inneren sind, die ich aber vorher nicht immer gesehen oder geh\u00f6rt hatte. Noch mal, Danke daf\u00fcr, dass Ihr diese ganzen Perlen aus ihren Schalen gebracht habt!<\/p><\/div><div class=\"wpmtst-testimonial-field testimonial-field testimonial-name\">S.S.<\/div><div class=\"clear\"><\/div><\/div><\/div><div class=\"wpmtst-testimonial testimonial post-1621\"><div class=\"wpmtst-testimonial-inner testimonial-inner\"><div    class=\"wpmtst-testimonial-content testimonial-content\"><div class=\"maybe-clear\"><\/div><p>Jede Coaching sitzung mit Pam f\u00fchlt sich an wie ein spezielles Geschenk ganz f\u00fcr mich allein. Pams Begeisterung f\u00fcr Coaching und die daraus resultierenden Ver\u00e4nderungsm\u00f6glichkeiten ist unglaublich ansteckend und ihre immer verst\u00e4ndnisvolle und unterst\u00fctzende Art hilft mir, immer weiter voranzukommen. Die w\u00f6chentliche Stunde, die Pam mit mir verbringt, hilft mir, unerwartete Erkenntnisse \u00fcber mich, mein Leben und meine Tr\u00e4ume zu entdecken. Ich h\u00e4tte nicht erwartet, SO viel von einem Coachingprozess auf so vielen verschiedenen Ebenen zu profitieren.\u00a0 Viele Dinge in meinem Leben haben sich dadurch ver\u00e4ndert innerhalb des letzten halben Jahres und dies noch dazu viel schneller als ich gehofft hatte. Mein Leben ist einfacher geworden und meine Werte klarer. Ich bin voller Selbstvertrauen und begeistert \u00fcber meine neue St\u00e4rke, Kraft und Entschlossenheit.<\/p><\/div><div class=\"wpmtst-testimonial-field testimonial-field testimonial-name\">A.H.<\/div><div class=\"clear\"><\/div><\/div><\/div><div class=\"wpmtst-testimonial testimonial post-1620\"><div class=\"wpmtst-testimonial-inner testimonial-inner\"><div    class=\"wpmtst-testimonial-content testimonial-content\"><div class=\"maybe-clear\"><\/div><p>Die Zusammenarbeit mit Pam ist herausfordernd, aufschlussreich und macht Spa\u00df. Sie ist immer da zum Halten, Helfen, F\u00fchren\u00a0und Insistieren. Die Arbeit ist deine, aber sie wird deine am meisten begeisterte Unterst\u00fctzerin sein.<\/p><\/div><div class=\"wpmtst-testimonial-field testimonial-field testimonial-name\">T.T.<\/div><div class=\"clear\"><\/div><\/div><\/div><\/div><\/div>\n\n\n<div class=\"wp-block-cover alignfull\" style=\"min-height:400px;aspect-ratio:unset;\"><span aria-hidden=\"true\" class=\"wp-block-cover__background has-background-dim-20 has-background-dim\"><\/span><img loading=\"lazy\" decoding=\"async\" width=\"1024\" height=\"576\" class=\"wp-block-cover__image-background wp-image-1148\" alt=\"\" src=\"https:\/\/pamkowalski.com\/en\/wp-content\/uploads\/2017\/01\/forest-sunrays.jpg\" data-object-fit=\"cover\" srcset=\"https:\/\/pamkowalski.com\/wp-content\/uploads\/2017\/01\/forest-sunrays.jpg 1024w, https:\/\/pamkowalski.com\/wp-content\/uploads\/2017\/01\/forest-sunrays-300x169.jpg 300w, https:\/\/pamkowalski.com\/wp-content\/uploads\/2017\/01\/forest-sunrays-768x432.jpg 768w\" sizes=\"auto, (max-width: 1024px) 100vw, 1024px\" \/><div class=\"wp-block-cover__inner-container is-layout-flow wp-block-cover-is-layout-flow\">\n<div class=\"wp-block-columns is-layout-flex wp-container-core-columns-is-layout-28f84493 wp-block-columns-is-layout-flex\">\n<div class=\"wp-block-column is-layout-flow wp-block-column-is-layout-flow\" style=\"padding-top:40px;padding-right:40px;padding-bottom:40px;padding-left:40px\"><\/div>\n\n\n\n<div class=\"wp-block-column is-layout-constrained wp-block-column-is-layout-constrained\" style=\"flex-basis:600px\"><\/div>\n\n\n\n<div class=\"wp-block-column is-layout-flow wp-block-column-is-layout-flow\" style=\"padding-top:40px;padding-right:40px;padding-bottom:40px;padding-left:40px\"><\/div>\n<\/div>\n<\/div><\/div>\n","protected":false},"excerpt":{"rendered":"","protected":false},"author":4,"featured_media":152,"parent":0,"menu_order":0,"comment_status":"closed","ping_status":"closed","template":"","meta":{"site-sidebar-layout":"default","site-content-layout":"","ast-site-content-layout":"default","site-content-style":"default","site-sidebar-style":"default","ast-global-header-display":"","ast-banner-title-visibility":"","ast-main-header-display":"","ast-hfb-above-header-display":"","ast-hfb-below-header-display":"","ast-hfb-mobile-header-display":"","site-post-title":"","ast-breadcrumbs-content":"","ast-featured-img":"","footer-sml-layout":"","ast-disable-related-posts":"","theme-transparent-header-meta":"","adv-header-id-meta":"","stick-header-meta":"","header-above-stick-meta":"","header-main-stick-meta":"","header-below-stick-meta":"","astra-migrate-meta-layouts":"default","ast-page-background-enabled":"default","ast-page-background-meta":{"desktop":{"background-color":"var(--ast-global-color-4)","background-image":"","background-repeat":"repeat","background-position":"center center","background-size":"auto","background-attachment":"scroll","background-type":"","background-media":"","overlay-type":"","overlay-color":"","overlay-opacity":"","overlay-gradient":""},"tablet":{"background-color":"","background-image":"","background-repeat":"repeat","background-position":"center center","background-size":"auto","background-attachment":"scroll","background-type":"","background-media":"","overlay-type":"","overlay-color":"","overlay-opacity":"","overlay-gradient":""},"mobile":{"background-color":"","background-image":"","background-repeat":"repeat","background-position":"center center","background-size":"auto","background-attachment":"scroll","background-type":"","background-media":"","overlay-type":"","overlay-color":"","overlay-opacity":"","overlay-gradient":""}},"ast-content-background-meta":{"desktop":{"background-color":"var(--ast-global-color-5)","background-image":"","background-repeat":"repeat","background-position":"center center","background-size":"auto","background-attachment":"scroll","background-type":"","background-media":"","overlay-type":"","overlay-color":"","overlay-opacity":"","overlay-gradient":""},"tablet":{"background-color":"var(--ast-global-color-5)","background-image":"","background-repeat":"repeat","background-position":"center center","background-size":"auto","background-attachment":"scroll","background-type":"","background-media":"","overlay-type":"","overlay-color":"","overlay-opacity":"","overlay-gradient":""},"mobile":{"background-color":"var(--ast-global-color-5)","background-image":"","background-repeat":"repeat","background-position":"center center","background-size":"auto","background-attachment":"scroll","background-type":"","background-media":"","overlay-type":"","overlay-color":"","overlay-opacity":"","overlay-gradient":""}},"_themeisle_gutenberg_block_has_review":false,"footnotes":""},"class_list":["post-110","page","type-page","status-publish","has-post-thumbnail","hentry"],"yoast_head":"<!-- This site is optimized with the Yoast SEO plugin v27.5 - https:\/\/yoast.com\/product\/yoast-seo-wordpress\/ -->\n<title>Referenzen - Pam Kowalski<\/title>\n<meta name=\"robots\" content=\"index, follow, max-snippet:-1, max-image-preview:large, max-video-preview:-1\" \/>\n<link rel=\"canonical\" href=\"https:\/\/pamkowalski.com\/en\/testimonials\/\" \/>\n<meta property=\"og:locale\" content=\"de_DE\" \/>\n<meta property=\"og:type\" content=\"article\" \/>\n<meta property=\"og:title\" content=\"Referenzen - Pam Kowalski\" \/>\n<meta property=\"og:url\" content=\"https:\/\/pamkowalski.com\/en\/testimonials\/\" \/>\n<meta property=\"og:site_name\" content=\"Pam Kowalski\" \/>\n<meta property=\"article:modified_time\" content=\"2022-11-16T10:22:26+00:00\" \/>\n<meta property=\"og:image\" content=\"https:\/\/pamkowalski.com\/wp-content\/uploads\/2017\/01\/testimonials-1.jpg\" \/>\n\t<meta property=\"og:image:width\" content=\"1024\" \/>\n\t<meta property=\"og:image:height\" content=\"624\" \/>\n\t<meta property=\"og:image:type\" content=\"image\/jpeg\" \/>\n<meta name=\"twitter:card\" content=\"summary_large_image\" \/>\n<script type=\"application\/ld+json\" class=\"yoast-schema-graph\">{\"@context\":\"https:\\\/\\\/schema.org\",\"@graph\":[{\"@type\":\"WebPage\",\"@id\":\"https:\\\/\\\/pamkowalski.com\\\/en\\\/testimonials\\\/\",\"url\":\"https:\\\/\\\/pamkowalski.com\\\/en\\\/testimonials\\\/\",\"name\":\"Referenzen - Pam Kowalski\",\"isPartOf\":{\"@id\":\"https:\\\/\\\/pamkowalski.com\\\/en\\\/#website\"},\"primaryImageOfPage\":{\"@id\":\"https:\\\/\\\/pamkowalski.com\\\/en\\\/testimonials\\\/#primaryimage\"},\"image\":{\"@id\":\"https:\\\/\\\/pamkowalski.com\\\/en\\\/testimonials\\\/#primaryimage\"},\"thumbnailUrl\":\"https:\\\/\\\/pamkowalski.com\\\/wp-content\\\/uploads\\\/2017\\\/01\\\/testimonials-1.jpg\",\"datePublished\":\"2017-01-04T04:05:22+00:00\",\"dateModified\":\"2022-11-16T10:22:26+00:00\",\"breadcrumb\":{\"@id\":\"https:\\\/\\\/pamkowalski.com\\\/en\\\/testimonials\\\/#breadcrumb\"},\"inLanguage\":\"de\",\"potentialAction\":[{\"@type\":\"ReadAction\",\"target\":[\"https:\\\/\\\/pamkowalski.com\\\/en\\\/testimonials\\\/\"]}]},{\"@type\":\"ImageObject\",\"inLanguage\":\"de\",\"@id\":\"https:\\\/\\\/pamkowalski.com\\\/en\\\/testimonials\\\/#primaryimage\",\"url\":\"https:\\\/\\\/pamkowalski.com\\\/wp-content\\\/uploads\\\/2017\\\/01\\\/testimonials-1.jpg\",\"contentUrl\":\"https:\\\/\\\/pamkowalski.com\\\/wp-content\\\/uploads\\\/2017\\\/01\\\/testimonials-1.jpg\",\"width\":1024,\"height\":624},{\"@type\":\"BreadcrumbList\",\"@id\":\"https:\\\/\\\/pamkowalski.com\\\/en\\\/testimonials\\\/#breadcrumb\",\"itemListElement\":[{\"@type\":\"ListItem\",\"position\":1,\"name\":\"Home\",\"item\":\"https:\\\/\\\/pamkowalski.com\\\/en\\\/\"},{\"@type\":\"ListItem\",\"position\":2,\"name\":\"Referenzen\"}]},{\"@type\":\"WebSite\",\"@id\":\"https:\\\/\\\/pamkowalski.com\\\/en\\\/#website\",\"url\":\"https:\\\/\\\/pamkowalski.com\\\/en\\\/\",\"name\":\"Pam Kowalski\",\"description\":\"Leadership Coach &amp; Trainer\",\"publisher\":{\"@id\":\"https:\\\/\\\/pamkowalski.com\\\/en\\\/#\\\/schema\\\/person\\\/ea1ed85d3da6d9ce7e33a2c593b1b1d2\"},\"potentialAction\":[{\"@type\":\"SearchAction\",\"target\":{\"@type\":\"EntryPoint\",\"urlTemplate\":\"https:\\\/\\\/pamkowalski.com\\\/en\\\/?s={search_term_string}\"},\"query-input\":{\"@type\":\"PropertyValueSpecification\",\"valueRequired\":true,\"valueName\":\"search_term_string\"}}],\"inLanguage\":\"de\"},{\"@type\":[\"Person\",\"Organization\"],\"@id\":\"https:\\\/\\\/pamkowalski.com\\\/en\\\/#\\\/schema\\\/person\\\/ea1ed85d3da6d9ce7e33a2c593b1b1d2\",\"name\":\"Pam\",\"image\":{\"@type\":\"ImageObject\",\"inLanguage\":\"de\",\"@id\":\"https:\\\/\\\/pamkowalski.com\\\/wp-content\\\/uploads\\\/2022\\\/06\\\/logo1.png\",\"url\":\"https:\\\/\\\/pamkowalski.com\\\/wp-content\\\/uploads\\\/2022\\\/06\\\/logo1.png\",\"contentUrl\":\"https:\\\/\\\/pamkowalski.com\\\/wp-content\\\/uploads\\\/2022\\\/06\\\/logo1.png\",\"width\":240,\"height\":35,\"caption\":\"Pam\"},\"logo\":{\"@id\":\"https:\\\/\\\/pamkowalski.com\\\/wp-content\\\/uploads\\\/2022\\\/06\\\/logo1.png\"}}]}<\/script>\n<!-- \/ Yoast SEO plugin. -->","yoast_head_json":{"title":"Referenzen - Pam Kowalski","robots":{"index":"index","follow":"follow","max-snippet":"max-snippet:-1","max-image-preview":"max-image-preview:large","max-video-preview":"max-video-preview:-1"},"canonical":"https:\/\/pamkowalski.com\/en\/testimonials\/","og_locale":"de_DE","og_type":"article","og_title":"Referenzen - Pam Kowalski","og_url":"https:\/\/pamkowalski.com\/en\/testimonials\/","og_site_name":"Pam Kowalski","article_modified_time":"2022-11-16T10:22:26+00:00","og_image":[{"width":1024,"height":624,"url":"https:\/\/pamkowalski.com\/wp-content\/uploads\/2017\/01\/testimonials-1.jpg","type":"image\/jpeg"}],"twitter_card":"summary_large_image","schema":{"@context":"https:\/\/schema.org","@graph":[{"@type":"WebPage","@id":"https:\/\/pamkowalski.com\/en\/testimonials\/","url":"https:\/\/pamkowalski.com\/en\/testimonials\/","name":"Referenzen - Pam Kowalski","isPartOf":{"@id":"https:\/\/pamkowalski.com\/en\/#website"},"primaryImageOfPage":{"@id":"https:\/\/pamkowalski.com\/en\/testimonials\/#primaryimage"},"image":{"@id":"https:\/\/pamkowalski.com\/en\/testimonials\/#primaryimage"},"thumbnailUrl":"https:\/\/pamkowalski.com\/wp-content\/uploads\/2017\/01\/testimonials-1.jpg","datePublished":"2017-01-04T04:05:22+00:00","dateModified":"2022-11-16T10:22:26+00:00","breadcrumb":{"@id":"https:\/\/pamkowalski.com\/en\/testimonials\/#breadcrumb"},"inLanguage":"de","potentialAction":[{"@type":"ReadAction","target":["https:\/\/pamkowalski.com\/en\/testimonials\/"]}]},{"@type":"ImageObject","inLanguage":"de","@id":"https:\/\/pamkowalski.com\/en\/testimonials\/#primaryimage","url":"https:\/\/pamkowalski.com\/wp-content\/uploads\/2017\/01\/testimonials-1.jpg","contentUrl":"https:\/\/pamkowalski.com\/wp-content\/uploads\/2017\/01\/testimonials-1.jpg","width":1024,"height":624},{"@type":"BreadcrumbList","@id":"https:\/\/pamkowalski.com\/en\/testimonials\/#breadcrumb","itemListElement":[{"@type":"ListItem","position":1,"name":"Home","item":"https:\/\/pamkowalski.com\/en\/"},{"@type":"ListItem","position":2,"name":"Referenzen"}]},{"@type":"WebSite","@id":"https:\/\/pamkowalski.com\/en\/#website","url":"https:\/\/pamkowalski.com\/en\/","name":"Pam Kowalski","description":"Leadership Coach &amp; Trainer","publisher":{"@id":"https:\/\/pamkowalski.com\/en\/#\/schema\/person\/ea1ed85d3da6d9ce7e33a2c593b1b1d2"},"potentialAction":[{"@type":"SearchAction","target":{"@type":"EntryPoint","urlTemplate":"https:\/\/pamkowalski.com\/en\/?s={search_term_string}"},"query-input":{"@type":"PropertyValueSpecification","valueRequired":true,"valueName":"search_term_string"}}],"inLanguage":"de"},{"@type":["Person","Organization"],"@id":"https:\/\/pamkowalski.com\/en\/#\/schema\/person\/ea1ed85d3da6d9ce7e33a2c593b1b1d2","name":"Pam","image":{"@type":"ImageObject","inLanguage":"de","@id":"https:\/\/pamkowalski.com\/wp-content\/uploads\/2022\/06\/logo1.png","url":"https:\/\/pamkowalski.com\/wp-content\/uploads\/2022\/06\/logo1.png","contentUrl":"https:\/\/pamkowalski.com\/wp-content\/uploads\/2022\/06\/logo1.png","width":240,"height":35,"caption":"Pam"},"logo":{"@id":"https:\/\/pamkowalski.com\/wp-content\/uploads\/2022\/06\/logo1.png"}}]}},"_links":{"self":[{"href":"https:\/\/pamkowalski.com\/de\/wp-json\/wp\/v2\/pages\/110","targetHints":{"allow":["GET"]}}],"collection":[{"href":"https:\/\/pamkowalski.com\/de\/wp-json\/wp\/v2\/pages"}],"about":[{"href":"https:\/\/pamkowalski.com\/de\/wp-json\/wp\/v2\/types\/page"}],"author":[{"embeddable":true,"href":"https:\/\/pamkowalski.com\/de\/wp-json\/wp\/v2\/users\/4"}],"replies":[{"embeddable":true,"href":"https:\/\/pamkowalski.com\/de\/wp-json\/wp\/v2\/comments?post=110"}],"version-history":[{"count":5,"href":"https:\/\/pamkowalski.com\/de\/wp-json\/wp\/v2\/pages\/110\/revisions"}],"predecessor-version":[{"id":1837,"href":"https:\/\/pamkowalski.com\/de\/wp-json\/wp\/v2\/pages\/110\/revisions\/1837"}],"wp:featuredmedia":[{"embeddable":true,"href":"https:\/\/pamkowalski.com\/de\/wp-json\/wp\/v2\/media\/152"}],"wp:attachment":[{"href":"https:\/\/pamkowalski.com\/de\/wp-json\/wp\/v2\/media?parent=110"}],"curies":[{"name":"wp","href":"https:\/\/api.w.org\/{rel}","templated":true}]}}