{"id":103,"date":"2016-12-25T03:53:22","date_gmt":"2016-12-25T03:53:22","guid":{"rendered":"http:\/\/pamkowalski.apps-1and1.net\/?page_id=103"},"modified":"2024-06-17T08:12:29","modified_gmt":"2024-06-17T08:12:29","slug":"coaching-de","status":"publish","type":"page","link":"https:\/\/pamkowalski.com\/de\/coaching-de\/","title":{"rendered":"Coaching"},"content":{"rendered":"\n<div class=\"wp-block-cover alignfull is-light has-custom-content-position is-position-top-left\"><span aria-hidden=\"true\" class=\"wp-block-cover__background has-background-dim-10 has-background-dim\" style=\"background-color:#a67456\"><\/span><img loading=\"lazy\" decoding=\"async\" width=\"1024\" height=\"682\" src=\"https:\/\/pamkowalski.com\/wp-content\/uploads\/2017\/01\/coaching-b.jpg\" class=\"wp-block-cover__image-background wp-post-image\" alt=\"\" data-object-fit=\"cover\" srcset=\"https:\/\/pamkowalski.com\/wp-content\/uploads\/2017\/01\/coaching-b.jpg 1024w, https:\/\/pamkowalski.com\/wp-content\/uploads\/2017\/01\/coaching-b-300x200.jpg 300w, https:\/\/pamkowalski.com\/wp-content\/uploads\/2017\/01\/coaching-b-768x512.jpg 768w\" sizes=\"auto, (max-width: 1024px) 100vw, 1024px\" \/><div class=\"wp-block-cover__inner-container is-layout-flow wp-block-cover-is-layout-flow\">\n<p class=\"has-text-align-left has-white-color has-text-color has-large-font-size\" style=\"line-height:1.8;text-transform:uppercase\"><mark style=\"background-color:#9947cc\" class=\"has-inline-color has-base-3-color\">Entdecke das Wesentliche, <br>Und lebe es heute!<\/mark><\/p>\n<\/div><\/div>\n\n\n<h1 class=\"has-text-align-center wp-block-post-title has-x-large-font-size\">Coaching<\/h1>\n\n\n<p>Durch die Coaching-Beziehung, die wir zusammen gestalten, ist vieles m\u00f6glich.<\/p>\n\n\n\n<h2 class=\"wp-block-heading\">Entdecke dich selbst<\/h2>\n\n\n\n<ul class=\"wp-block-list\">\n<li>deine wichtigsten Werte klar definieren und ausleben \u2013 \u201eauthentisch leben\u201c<\/li>\n\n\n\n<li>Vertrauen aufbauen, dass es sich lohnt deinen \u00c4ngsten zu begegnen&nbsp;und sie zu \u00fcberwinden, um deine Tr\u00e4ume zu erreichen<\/li>\n\n\n\n<li>selbstbewusst, stark&nbsp;und kreativ handeln<\/li>\n<\/ul>\n\n\n\n<h2 class=\"wp-block-heading\">Entdecke andere<\/h2>\n\n\n\n<ul class=\"wp-block-list\">\n<li>zusammen mit anderen Leuten tiefe, ehrliche und bereichernde Beziehungen aufbauen \u2013 zu Hause, bei der Arbeit, und in deinem Umfeld<\/li>\n\n\n\n<li><span style=\"font-weight: 400;\"><span style=\"font-weight: 400;\">zunehmend Geduld, Wertsch\u00e4tzung und Liebe entwickeln \u2013 f\u00fcr alle (ja, selbst f\u00fcr die Leute, die dich nerven)<\/span><\/span><\/li>\n<\/ul>\n\n\n\n<h2 class=\"wp-block-heading\">Entdecke deinen m\u00e4chtigen Einfluss&nbsp;in der Welt<\/h2>\n\n\n\n<ul class=\"wp-block-list\">\n<li><span style=\"font-weight: 400;\"><span style=\"font-weight: 400;\">Herausforderungen als Wachstumsm\u00f6glichkeiten nutzen, f\u00fcr dich und andere<\/span><\/span><\/li>\n\n\n\n<li><span style=\"font-weight: 400;\">bewusst agieren um Win-Win Ergebnisse f\u00fcr alle<\/span><span style=\"font-weight: 400;\"><span style=\"font-weight: 400;\">&nbsp;anzusto\u00dfen<\/span><\/span><\/li>\n\n\n\n<li><span style=\"font-weight: 400;\"><span style=\"font-weight: 400;\">&#8222;Leadership&#8220; ausleben und die Welt gestalten, in der du leben willst &#8211; sofort<\/span><\/span><\/li>\n<\/ul>\n\n\n\n<h2 class=\"wp-block-heading\">Wie es funktioniert<\/h2>\n\n\n\n<ol class=\"wp-block-list\">\n<li>Zuerst, setzt du dich mit mir&nbsp;in Verbindung, um eine kostenlose Coaching-Sitzung zu vereinbaren, entweder pers\u00f6nlich (in der N\u00e4he von Frankfurt, Deutschland), oder per Skype\/Zoom\/Telefon. Lass uns sehen, ob die Chemie zwischen uns stimmt.<\/li>\n\n\n\n<li>Danach vereinbaren wir einen Coaching-Zeitplan, der sich deinem Kalender und Lebensstil anpasst.<\/li>\n\n\n\n<li>Du f\u00e4ngst an, die Verbindungen zum Wesentlichen in deinem Leben herzustellen \u2013 und das Leben zu gestalten, wie du es dir w\u00fcnschst.<\/li>\n<\/ol>\n\n\n\n<div style=\"height:60px\" aria-hidden=\"true\" class=\"wp-block-spacer\"><\/div>\n\n\n<div class=\"strong-view strong-view-id-6 default wpmtst-default\" data-count=\"1\"><div class=\"strong-content strong-normal columns-1\"><div class=\"wpmtst-testimonial testimonial post-1840\"><div class=\"wpmtst-testimonial-inner testimonial-inner\"><div    class=\"wpmtst-testimonial-content testimonial-content\"><div class=\"maybe-clear\"><\/div><p>Ich arbeite schon l\u00e4nger mit Pam zusammen und wenn ich zur\u00fcckblicke hat sich viel in meinem Leben ver\u00e4ndert. Mit Pam habe ich meine inneren Sch\u00e4tze entdeckt. Und den Mut entwickelt diese nach au\u00dfen zu tragen. Von ihr habe ich gelernt nach vorn zu schauen und mein Leben selbstverantwortlich in die Hand zu nehmen. Ich sch\u00e4tze ihre positive, offene, herzliche und unkomplizierte Art. Sie schafft es irgendwie immer wieder dem Ganzen einen roten Faden zu geben und meine chaotischen Gedankeng\u00e4nge zu ordnen. Ich bin sehr dankbar sie kennengelernt zu haben.<\/p><p>&nbsp;<\/p><\/div><div class=\"wpmtst-testimonial-field testimonial-field testimonial-name\">C.M.<\/div><div class=\"clear\"><\/div><\/div><\/div><\/div><\/div>\n\n\n\n<div style=\"height:60px\" aria-hidden=\"true\" class=\"wp-block-spacer\"><\/div>\n\n\n\n<h2 class=\"wp-block-heading\">Life Coaching? Business Coaching? Executive Coaching?<\/h2>\n\n\n\n<p><span style=\"font-weight: 400;\">Wie auch immer du es nennen willst \u2013 wenn dir etwas wichtig ist, dann ist es mir auch wichtig, und damit besch\u00e4ftigt sich unsere Coaching-Beziehung. Keine Stempel, keine Schublade \u2013 egal wer du bist und was deine Position&nbsp;ist. Wenn du komplett dabei bist, dann ist auch jeder Teil von dir dabei. <\/span><\/p>\n\n\n\n<h2 class=\"wp-block-heading\">Was geh\u00f6rt nicht zum Coaching?<\/h2>\n\n\n\n<p><span style=\"font-weight: 400;\">Falls du nach einer Person suchst, die dir Antworten auf deine Fragen gibt, und deine Probleme f\u00fcr dich l\u00f6st, dann passen wir nicht gut zusammen. Ich wei\u00df, dass&nbsp;du alle Antworten und L\u00f6sungen schon in dir hast. Nur du kannst wissen, was du willst und was das Beste f\u00fcr dich ist. Mein Job ist dir zu helfen, diese Dinge im Inneren zu finden und klar vor Augen zu haben.<\/span><\/p>\n\n\n\n<p><span style=\"font-weight: 400;\">Es k\u00f6nnte auch sein, dass es Themen in deiner Gegenwart oder Vergangenheit gibt \u2013 ob Missbrauch, Traumata, Phobie, S\u00fcchte oder \u00e4hnliches \u2013 die deine Gedanken und dein Handeln so dominieren, dass du weitestgehend blockiert bist, deine Ziele zu verfolgen. In diesem Fall w\u00e4re es empfehlungswert, eine therapeutisch ausgebildete Begleitperson an deiner Seite zu haben. Dein Hausarzt kann dir am besten eine Empfehlung dazu geben.<\/span><\/p>\n\n\n\n<h2 class=\"wp-block-heading\">Fragen?<\/h2>\n\n\n\n<p>Gern kannst du mich (in Deutschland) anrufen: +49 (0) 160 90 122 169.<\/p>\n\n\n\n<p>Frag nach, falls du lieber eine Videokonferenz \u00fcber Skype oder Zoom vereinbaren m\u00f6chtest.<\/p>\n\n\n\n<div class=\"wp-block-buttons is-content-justification-center is-layout-flex wp-container-core-buttons-is-layout-a89b3969 wp-block-buttons-is-layout-flex\">\n<div class=\"wp-block-button\"><a class=\"wp-block-button__link wp-element-button\" href=\"https:\/\/pamkowalski.com\/en\/de\/kontakt\/\">Kontaktiere mich<\/a><\/div>\n<\/div>\n\n\n\n<div style=\"height:30px\" aria-hidden=\"true\" class=\"wp-block-spacer\"><\/div>\n\n\n\n<h2 class=\"wp-block-heading\">M\u00f6chtest du sehen, was Coaching f\u00fcr dich machen kann?<\/h2>\n\n\n\n<div style=\"height:30px\" aria-hidden=\"true\" class=\"wp-block-spacer\"><\/div>\n\n\n\n<div class=\"wp-block-buttons is-content-justification-center is-layout-flex wp-container-core-buttons-is-layout-a89b3969 wp-block-buttons-is-layout-flex\">\n<div class=\"wp-block-button\"><a class=\"wp-block-button__link wp-element-button\" href=\"kontakt\">Kontaktiere mich<\/a><\/div>\n<\/div>\n\n\n\n<div style=\"height:30px\" aria-hidden=\"true\" class=\"wp-block-spacer\"><\/div>\n\n\n\n<div class=\"wp-block-cover alignfull is-light\" style=\"min-height:400px;aspect-ratio:unset;\"><span aria-hidden=\"true\" class=\"wp-block-cover__background has-background-dim-20 has-background-dim\"><\/span><img loading=\"lazy\" decoding=\"async\" width=\"1024\" height=\"624\" class=\"wp-block-cover__image-background wp-image-1152\" alt=\"\" src=\"https:\/\/pamkowalski.com\/en\/wp-content\/uploads\/2017\/01\/coaching.jpg\" style=\"object-position:52% 44%\" data-object-fit=\"cover\" data-object-position=\"52% 44%\" srcset=\"https:\/\/pamkowalski.com\/wp-content\/uploads\/2017\/01\/coaching.jpg 1024w, https:\/\/pamkowalski.com\/wp-content\/uploads\/2017\/01\/coaching-300x183.jpg 300w, https:\/\/pamkowalski.com\/wp-content\/uploads\/2017\/01\/coaching-768x468.jpg 768w\" sizes=\"auto, (max-width: 1024px) 100vw, 1024px\" \/><div class=\"wp-block-cover__inner-container is-layout-flow wp-block-cover-is-layout-flow\">\n<div class=\"wp-block-columns is-layout-flex wp-container-core-columns-is-layout-28f84493 wp-block-columns-is-layout-flex\">\n<div class=\"wp-block-column is-layout-flow wp-block-column-is-layout-flow\" style=\"padding-top:40px;padding-right:40px;padding-bottom:40px;padding-left:40px\"><\/div>\n\n\n\n<div class=\"wp-block-column is-layout-constrained wp-block-column-is-layout-constrained\" style=\"flex-basis:600px\">\n<div class=\"inherit-container-width wp-block-group has-background is-layout-constrained wp-container-core-group-is-layout-7ac32d91 wp-block-group-is-layout-constrained\" style=\"border-radius:8px;background-color:#ffffff99;padding-top:1em;padding-right:1em;padding-bottom:1em;padding-left:1em;font-size:22px\">\n<p class=\"has-text-align-center has-black-color has-text-color\" style=\"font-size:22px\">\u201cWenn wir Zufriedenheit nicht in uns selbst finden, ist es zwecklos, sie anderswo zu suchen.\u201d<\/p>\n\n\n\n<p class=\"has-text-align-center has-black-color has-text-color\" style=\"font-size:22px\"><em>\u2013 La Rochefoucauld<\/em><\/p>\n<\/div>\n<\/div>\n\n\n\n<div class=\"wp-block-column is-layout-flow wp-block-column-is-layout-flow\" style=\"padding-top:40px;padding-right:40px;padding-bottom:40px;padding-left:40px\"><\/div>\n<\/div>\n<\/div><\/div>\n","protected":false},"excerpt":{"rendered":"<p>Durch die Coaching-Beziehung, die wir zusammen gestalten, ist vieles m\u00f6glich. Entdecke dich selbst Entdecke andere Entdecke deinen m\u00e4chtigen Einfluss&nbsp;in der Welt Wie es funktioniert Life Coaching? Business Coaching? Executive Coaching? Wie auch immer du es nennen willst \u2013 wenn dir etwas wichtig ist, dann ist es mir auch wichtig, und damit besch\u00e4ftigt sich unsere Coaching-Beziehung. [&hellip;]<\/p>\n","protected":false},"author":4,"featured_media":1146,"parent":0,"menu_order":0,"comment_status":"closed","ping_status":"closed","template":"","meta":{"site-sidebar-layout":"default","site-content-layout":"","ast-site-content-layout":"default","site-content-style":"default","site-sidebar-style":"default","ast-global-header-display":"","ast-banner-title-visibility":"","ast-main-header-display":"","ast-hfb-above-header-display":"","ast-hfb-below-header-display":"","ast-hfb-mobile-header-display":"","site-post-title":"","ast-breadcrumbs-content":"","ast-featured-img":"","footer-sml-layout":"","ast-disable-related-posts":"","theme-transparent-header-meta":"","adv-header-id-meta":"","stick-header-meta":"","header-above-stick-meta":"","header-main-stick-meta":"","header-below-stick-meta":"","astra-migrate-meta-layouts":"set","ast-page-background-enabled":"default","ast-page-background-meta":{"desktop":{"background-color":"var(--ast-global-color-4)","background-image":"","background-repeat":"repeat","background-position":"center center","background-size":"auto","background-attachment":"scroll","background-type":"","background-media":"","overlay-type":"","overlay-color":"","overlay-opacity":"","overlay-gradient":""},"tablet":{"background-color":"","background-image":"","background-repeat":"repeat","background-position":"center center","background-size":"auto","background-attachment":"scroll","background-type":"","background-media":"","overlay-type":"","overlay-color":"","overlay-opacity":"","overlay-gradient":""},"mobile":{"background-color":"","background-image":"","background-repeat":"repeat","background-position":"center center","background-size":"auto","background-attachment":"scroll","background-type":"","background-media":"","overlay-type":"","overlay-color":"","overlay-opacity":"","overlay-gradient":""}},"ast-content-background-meta":{"desktop":{"background-color":"var(--ast-global-color-5)","background-image":"","background-repeat":"repeat","background-position":"center center","background-size":"auto","background-attachment":"scroll","background-type":"","background-media":"","overlay-type":"","overlay-color":"","overlay-opacity":"","overlay-gradient":""},"tablet":{"background-color":"var(--ast-global-color-5)","background-image":"","background-repeat":"repeat","background-position":"center center","background-size":"auto","background-attachment":"scroll","background-type":"","background-media":"","overlay-type":"","overlay-color":"","overlay-opacity":"","overlay-gradient":""},"mobile":{"background-color":"var(--ast-global-color-5)","background-image":"","background-repeat":"repeat","background-position":"center center","background-size":"auto","background-attachment":"scroll","background-type":"","background-media":"","overlay-type":"","overlay-color":"","overlay-opacity":"","overlay-gradient":""}},"_themeisle_gutenberg_block_has_review":false,"footnotes":""},"class_list":["post-103","page","type-page","status-publish","has-post-thumbnail","hentry"],"yoast_head":"<!-- This site is optimized with the Yoast SEO plugin v27.4 - https:\/\/yoast.com\/product\/yoast-seo-wordpress\/ -->\n<title>Coaching - Pam Kowalski<\/title>\n<meta name=\"robots\" content=\"index, follow, max-snippet:-1, max-image-preview:large, max-video-preview:-1\" \/>\n<link rel=\"canonical\" href=\"https:\/\/pamkowalski.com\/en\/coaching-with-me\/\" \/>\n<meta property=\"og:locale\" content=\"de_DE\" \/>\n<meta property=\"og:type\" content=\"article\" \/>\n<meta property=\"og:title\" content=\"Coaching - Pam Kowalski\" \/>\n<meta property=\"og:description\" content=\"Durch die Coaching-Beziehung, die wir zusammen gestalten, ist vieles m\u00f6glich. Entdecke dich selbst Entdecke andere Entdecke deinen m\u00e4chtigen Einfluss&nbsp;in der Welt Wie es funktioniert Life Coaching? Business Coaching? Executive Coaching? Wie auch immer du es nennen willst \u2013 wenn dir etwas wichtig ist, dann ist es mir auch wichtig, und damit besch\u00e4ftigt sich unsere Coaching-Beziehung. [&hellip;]\" \/>\n<meta property=\"og:url\" content=\"https:\/\/pamkowalski.com\/en\/coaching-with-me\/\" \/>\n<meta property=\"og:site_name\" content=\"Pam Kowalski\" \/>\n<meta property=\"article:modified_time\" content=\"2024-06-17T08:12:29+00:00\" \/>\n<meta property=\"og:image\" content=\"https:\/\/pamkowalski.com\/wp-content\/uploads\/2017\/01\/coaching-b.jpg\" \/>\n\t<meta property=\"og:image:width\" content=\"1024\" \/>\n\t<meta property=\"og:image:height\" content=\"682\" \/>\n\t<meta property=\"og:image:type\" content=\"image\/jpeg\" \/>\n<meta name=\"twitter:card\" content=\"summary_large_image\" \/>\n<meta name=\"twitter:label1\" content=\"Gesch\u00e4tzte Lesezeit\" \/>\n\t<meta name=\"twitter:data1\" content=\"3\u00a0Minuten\" \/>\n<script type=\"application\/ld+json\" class=\"yoast-schema-graph\">{\"@context\":\"https:\\\/\\\/schema.org\",\"@graph\":[{\"@type\":\"WebPage\",\"@id\":\"https:\\\/\\\/pamkowalski.com\\\/en\\\/coaching-with-me\\\/\",\"url\":\"https:\\\/\\\/pamkowalski.com\\\/en\\\/coaching-with-me\\\/\",\"name\":\"Coaching - Pam Kowalski\",\"isPartOf\":{\"@id\":\"https:\\\/\\\/pamkowalski.com\\\/en\\\/#website\"},\"primaryImageOfPage\":{\"@id\":\"https:\\\/\\\/pamkowalski.com\\\/en\\\/coaching-with-me\\\/#primaryimage\"},\"image\":{\"@id\":\"https:\\\/\\\/pamkowalski.com\\\/en\\\/coaching-with-me\\\/#primaryimage\"},\"thumbnailUrl\":\"https:\\\/\\\/pamkowalski.com\\\/wp-content\\\/uploads\\\/2017\\\/01\\\/coaching-b.jpg\",\"datePublished\":\"2016-12-25T03:53:22+00:00\",\"dateModified\":\"2024-06-17T08:12:29+00:00\",\"breadcrumb\":{\"@id\":\"https:\\\/\\\/pamkowalski.com\\\/en\\\/coaching-with-me\\\/#breadcrumb\"},\"inLanguage\":\"de\",\"potentialAction\":[{\"@type\":\"ReadAction\",\"target\":[\"https:\\\/\\\/pamkowalski.com\\\/en\\\/coaching-with-me\\\/\"]}]},{\"@type\":\"ImageObject\",\"inLanguage\":\"de\",\"@id\":\"https:\\\/\\\/pamkowalski.com\\\/en\\\/coaching-with-me\\\/#primaryimage\",\"url\":\"https:\\\/\\\/pamkowalski.com\\\/wp-content\\\/uploads\\\/2017\\\/01\\\/coaching-b.jpg\",\"contentUrl\":\"https:\\\/\\\/pamkowalski.com\\\/wp-content\\\/uploads\\\/2017\\\/01\\\/coaching-b.jpg\",\"width\":1024,\"height\":682},{\"@type\":\"BreadcrumbList\",\"@id\":\"https:\\\/\\\/pamkowalski.com\\\/en\\\/coaching-with-me\\\/#breadcrumb\",\"itemListElement\":[{\"@type\":\"ListItem\",\"position\":1,\"name\":\"Home\",\"item\":\"https:\\\/\\\/pamkowalski.com\\\/en\\\/\"},{\"@type\":\"ListItem\",\"position\":2,\"name\":\"Coaching\"}]},{\"@type\":\"WebSite\",\"@id\":\"https:\\\/\\\/pamkowalski.com\\\/en\\\/#website\",\"url\":\"https:\\\/\\\/pamkowalski.com\\\/en\\\/\",\"name\":\"Pam Kowalski\",\"description\":\"Leadership Coach &amp; Trainer\",\"publisher\":{\"@id\":\"https:\\\/\\\/pamkowalski.com\\\/en\\\/#\\\/schema\\\/person\\\/ea1ed85d3da6d9ce7e33a2c593b1b1d2\"},\"potentialAction\":[{\"@type\":\"SearchAction\",\"target\":{\"@type\":\"EntryPoint\",\"urlTemplate\":\"https:\\\/\\\/pamkowalski.com\\\/en\\\/?s={search_term_string}\"},\"query-input\":{\"@type\":\"PropertyValueSpecification\",\"valueRequired\":true,\"valueName\":\"search_term_string\"}}],\"inLanguage\":\"de\"},{\"@type\":[\"Person\",\"Organization\"],\"@id\":\"https:\\\/\\\/pamkowalski.com\\\/en\\\/#\\\/schema\\\/person\\\/ea1ed85d3da6d9ce7e33a2c593b1b1d2\",\"name\":\"Pam\",\"image\":{\"@type\":\"ImageObject\",\"inLanguage\":\"de\",\"@id\":\"https:\\\/\\\/pamkowalski.com\\\/wp-content\\\/uploads\\\/2022\\\/06\\\/logo1.png\",\"url\":\"https:\\\/\\\/pamkowalski.com\\\/wp-content\\\/uploads\\\/2022\\\/06\\\/logo1.png\",\"contentUrl\":\"https:\\\/\\\/pamkowalski.com\\\/wp-content\\\/uploads\\\/2022\\\/06\\\/logo1.png\",\"width\":240,\"height\":35,\"caption\":\"Pam\"},\"logo\":{\"@id\":\"https:\\\/\\\/pamkowalski.com\\\/wp-content\\\/uploads\\\/2022\\\/06\\\/logo1.png\"}}]}<\/script>\n<!-- \/ Yoast SEO plugin. -->","yoast_head_json":{"title":"Coaching - Pam Kowalski","robots":{"index":"index","follow":"follow","max-snippet":"max-snippet:-1","max-image-preview":"max-image-preview:large","max-video-preview":"max-video-preview:-1"},"canonical":"https:\/\/pamkowalski.com\/en\/coaching-with-me\/","og_locale":"de_DE","og_type":"article","og_title":"Coaching - Pam Kowalski","og_description":"Durch die Coaching-Beziehung, die wir zusammen gestalten, ist vieles m\u00f6glich. Entdecke dich selbst Entdecke andere Entdecke deinen m\u00e4chtigen Einfluss&nbsp;in der Welt Wie es funktioniert Life Coaching? Business Coaching? Executive Coaching? Wie auch immer du es nennen willst \u2013 wenn dir etwas wichtig ist, dann ist es mir auch wichtig, und damit besch\u00e4ftigt sich unsere Coaching-Beziehung. [&hellip;]","og_url":"https:\/\/pamkowalski.com\/en\/coaching-with-me\/","og_site_name":"Pam Kowalski","article_modified_time":"2024-06-17T08:12:29+00:00","og_image":[{"width":1024,"height":682,"url":"https:\/\/pamkowalski.com\/wp-content\/uploads\/2017\/01\/coaching-b.jpg","type":"image\/jpeg"}],"twitter_card":"summary_large_image","twitter_misc":{"Gesch\u00e4tzte Lesezeit":"3\u00a0Minuten"},"schema":{"@context":"https:\/\/schema.org","@graph":[{"@type":"WebPage","@id":"https:\/\/pamkowalski.com\/en\/coaching-with-me\/","url":"https:\/\/pamkowalski.com\/en\/coaching-with-me\/","name":"Coaching - Pam Kowalski","isPartOf":{"@id":"https:\/\/pamkowalski.com\/en\/#website"},"primaryImageOfPage":{"@id":"https:\/\/pamkowalski.com\/en\/coaching-with-me\/#primaryimage"},"image":{"@id":"https:\/\/pamkowalski.com\/en\/coaching-with-me\/#primaryimage"},"thumbnailUrl":"https:\/\/pamkowalski.com\/wp-content\/uploads\/2017\/01\/coaching-b.jpg","datePublished":"2016-12-25T03:53:22+00:00","dateModified":"2024-06-17T08:12:29+00:00","breadcrumb":{"@id":"https:\/\/pamkowalski.com\/en\/coaching-with-me\/#breadcrumb"},"inLanguage":"de","potentialAction":[{"@type":"ReadAction","target":["https:\/\/pamkowalski.com\/en\/coaching-with-me\/"]}]},{"@type":"ImageObject","inLanguage":"de","@id":"https:\/\/pamkowalski.com\/en\/coaching-with-me\/#primaryimage","url":"https:\/\/pamkowalski.com\/wp-content\/uploads\/2017\/01\/coaching-b.jpg","contentUrl":"https:\/\/pamkowalski.com\/wp-content\/uploads\/2017\/01\/coaching-b.jpg","width":1024,"height":682},{"@type":"BreadcrumbList","@id":"https:\/\/pamkowalski.com\/en\/coaching-with-me\/#breadcrumb","itemListElement":[{"@type":"ListItem","position":1,"name":"Home","item":"https:\/\/pamkowalski.com\/en\/"},{"@type":"ListItem","position":2,"name":"Coaching"}]},{"@type":"WebSite","@id":"https:\/\/pamkowalski.com\/en\/#website","url":"https:\/\/pamkowalski.com\/en\/","name":"Pam Kowalski","description":"Leadership Coach &amp; Trainer","publisher":{"@id":"https:\/\/pamkowalski.com\/en\/#\/schema\/person\/ea1ed85d3da6d9ce7e33a2c593b1b1d2"},"potentialAction":[{"@type":"SearchAction","target":{"@type":"EntryPoint","urlTemplate":"https:\/\/pamkowalski.com\/en\/?s={search_term_string}"},"query-input":{"@type":"PropertyValueSpecification","valueRequired":true,"valueName":"search_term_string"}}],"inLanguage":"de"},{"@type":["Person","Organization"],"@id":"https:\/\/pamkowalski.com\/en\/#\/schema\/person\/ea1ed85d3da6d9ce7e33a2c593b1b1d2","name":"Pam","image":{"@type":"ImageObject","inLanguage":"de","@id":"https:\/\/pamkowalski.com\/wp-content\/uploads\/2022\/06\/logo1.png","url":"https:\/\/pamkowalski.com\/wp-content\/uploads\/2022\/06\/logo1.png","contentUrl":"https:\/\/pamkowalski.com\/wp-content\/uploads\/2022\/06\/logo1.png","width":240,"height":35,"caption":"Pam"},"logo":{"@id":"https:\/\/pamkowalski.com\/wp-content\/uploads\/2022\/06\/logo1.png"}}]}},"_links":{"self":[{"href":"https:\/\/pamkowalski.com\/de\/wp-json\/wp\/v2\/pages\/103","targetHints":{"allow":["GET"]}}],"collection":[{"href":"https:\/\/pamkowalski.com\/de\/wp-json\/wp\/v2\/pages"}],"about":[{"href":"https:\/\/pamkowalski.com\/de\/wp-json\/wp\/v2\/types\/page"}],"author":[{"embeddable":true,"href":"https:\/\/pamkowalski.com\/de\/wp-json\/wp\/v2\/users\/4"}],"replies":[{"embeddable":true,"href":"https:\/\/pamkowalski.com\/de\/wp-json\/wp\/v2\/comments?post=103"}],"version-history":[{"count":5,"href":"https:\/\/pamkowalski.com\/de\/wp-json\/wp\/v2\/pages\/103\/revisions"}],"predecessor-version":[{"id":1907,"href":"https:\/\/pamkowalski.com\/de\/wp-json\/wp\/v2\/pages\/103\/revisions\/1907"}],"wp:featuredmedia":[{"embeddable":true,"href":"https:\/\/pamkowalski.com\/de\/wp-json\/wp\/v2\/media\/1146"}],"wp:attachment":[{"href":"https:\/\/pamkowalski.com\/de\/wp-json\/wp\/v2\/media?parent=103"}],"curies":[{"name":"wp","href":"https:\/\/api.w.org\/{rel}","templated":true}]}}